{"id":4939,"date":"2021-07-23T19:41:19","date_gmt":"2021-07-23T19:41:19","guid":{"rendered":"https:\/\/ladhoka.ch.zeppelin.ch-meta.net\/?page_id=4939"},"modified":"2022-03-01T22:05:20","modified_gmt":"2022-03-01T21:05:20","slug":"kinderheim","status":"publish","type":"page","link":"https:\/\/www.ladhoka.ch\/?page_id=4939","title":{"rendered":"Kinderhaus in Kusunti"},"content":{"rendered":"\n<p><\/p>\n\n\n\n<p>Unser Kinderhaus bietet seit 2008 zwischen f\u00fcnf und 10 Kindern eine Heimat.  Unsere Kinder&nbsp;kommen alle aus armen Verh\u00e4ltnissen und\/oder aus sehr zerr\u00fctteten Familien. Manche sind Vollwaisen, andere haben noch einen Elternteil. Mittlerweile sind aus den Kindern junge Erwachsene herangewachsen und einige von unseren Sch\u00fctzlingen sind auch schon wieder ausgeflogen. Rajin, Supriya, Bikesh und Anic leben wieder bei ihren Verwandten und bekommen zum Teil noch einen Zustupf an die weitere Ausbildung. Die Kinder werden uns vom Child Welfare Council zugewiesen. <\/p>\n\n\n\n<p>Betreut und begleitet werden die Kinder\/ jungen Erwachsenen von Laxmi und ihrem Ehemann BK. <\/p>\n\n\n\n<p>In unserem Kinderhaus in Kusunti leben aktuell (2022) f\u00fcnf Sch\u00fctzlinge, Laxmi, ihr Mann BK und deren Sohn Suryansh als gut eingespielte Grossfamilie zusammen. Mittlerweile haben die meisten Kinder das Teenageralter erreicht und einige haben bereits ihr Studium begonnen. <\/p>\n\n\n\n<p>Nach M\u00f6glichkeit wollen wir keine weiteren Kinder aufnehmen, sondern das aufw\u00e4ndige Engagement im Kinderhaus langsam auslaufen lassen. <br><\/p>\n\n\n\n<figure class=\"wp-block-embed is-type-video is-provider-youtube wp-block-embed-youtube wp-embed-aspect-16-9 wp-has-aspect-ratio\"><div class=\"wp-block-embed__wrapper\">\n<iframe loading=\"lazy\" title=\"Summer 2015 La Dhoka\" width=\"640\" height=\"360\" src=\"https:\/\/www.youtube.com\/embed\/Pyy_VAGZzMQ?feature=oembed\" frameborder=\"0\" allow=\"accelerometer; autoplay; clipboard-write; encrypted-media; gyroscope; picture-in-picture; web-share\" referrerpolicy=\"strict-origin-when-cross-origin\" allowfullscreen><\/iframe>\n<\/div><\/figure>\n\n\n\n<h2 class=\"wp-block-heading\" id=\"standort-des-kinderhauses\">Standort des Kinderhauses<\/h2>\n\n\n\n<div class=\"wp-block-webfactory-map\"><div class=\"wp-block-webfactory-map\"><iframe loading=\"lazy\" width=\"100%\" height=\"300px\" src=\"https:\/\/www.google.com\/maps\/embed\/v1\/place?q=27.662749113328598%2C%2085.31349219234268&amp;maptype=roadmap&amp;zoom=15&amp;key=AIzaSyD3LPoTljN6KcTyhZqkJHkMcYdtrwikFLA\" frameborder=\"0\"><\/iframe><\/div><\/div>\n\n\n\n<h2 class=\"wp-block-heading\" id=\"impressionen\">Impressionen<\/h2>\n\n\n\n<figure class=\"wp-block-gallery has-nested-images columns-default is-cropped wp-block-gallery-1 is-layout-flex wp-block-gallery-is-layout-flex\">\n<figure class=\"wp-block-image size-thumbnail\"><img loading=\"lazy\" decoding=\"async\" width=\"150\" height=\"150\" data-id=\"5456\" src=\"https:\/\/staging-j.ladhoka.ch.zeppelin.ch-meta.net\/wp-content\/uploads\/2022\/02\/20210313105338_IMG_7248-150x150.jpg\" alt=\"\" class=\"wp-image-5456\"\/><\/figure>\n\n\n\n<figure class=\"wp-block-image size-thumbnail\"><img loading=\"lazy\" decoding=\"async\" width=\"150\" height=\"150\" data-id=\"5457\" src=\"https:\/\/staging-j.ladhoka.ch.zeppelin.ch-meta.net\/wp-content\/uploads\/2022\/02\/20210313105415_IMG_7249-150x150.jpg\" alt=\"\" class=\"wp-image-5457\"\/><\/figure>\n\n\n\n<figure class=\"wp-block-image size-thumbnail\"><img loading=\"lazy\" decoding=\"async\" width=\"150\" height=\"150\" data-id=\"5458\" src=\"https:\/\/staging-j.ladhoka.ch.zeppelin.ch-meta.net\/wp-content\/uploads\/2022\/02\/20210313105448_IMG_7250-150x150.jpg\" alt=\"\" class=\"wp-image-5458\"\/><\/figure>\n\n\n\n<figure class=\"wp-block-image size-thumbnail\"><img loading=\"lazy\" decoding=\"async\" width=\"150\" height=\"150\" data-id=\"5459\" src=\"https:\/\/staging-j.ladhoka.ch.zeppelin.ch-meta.net\/wp-content\/uploads\/2022\/02\/20210313105506_IMG_7251-150x150.jpg\" alt=\"\" class=\"wp-image-5459\"\/><\/figure>\n\n\n\n<figure class=\"wp-block-image size-thumbnail\"><img loading=\"lazy\" decoding=\"async\" width=\"150\" height=\"150\" data-id=\"5460\" src=\"https:\/\/staging-j.ladhoka.ch.zeppelin.ch-meta.net\/wp-content\/uploads\/2022\/02\/20210313105527_IMG_7252-150x150.jpg\" alt=\"\" class=\"wp-image-5460\"\/><\/figure>\n\n\n\n<figure class=\"wp-block-image size-thumbnail\"><img loading=\"lazy\" decoding=\"async\" width=\"150\" height=\"150\" data-id=\"5461\" src=\"https:\/\/staging-j.ladhoka.ch.zeppelin.ch-meta.net\/wp-content\/uploads\/2022\/02\/20210313105605_IMG_7253-150x150.jpg\" alt=\"\" class=\"wp-image-5461\"\/><\/figure>\n\n\n\n<figure class=\"wp-block-image size-thumbnail\"><img loading=\"lazy\" decoding=\"async\" width=\"150\" height=\"150\" data-id=\"5464\" src=\"https:\/\/staging-j.ladhoka.ch.zeppelin.ch-meta.net\/wp-content\/uploads\/2022\/02\/20210313110112_IMG_7265-150x150.jpg\" alt=\"\" class=\"wp-image-5464\"\/><\/figure>\n\n\n\n<figure class=\"wp-block-image size-thumbnail\"><img loading=\"lazy\" decoding=\"async\" width=\"150\" height=\"150\" data-id=\"5462\" src=\"https:\/\/staging-j.ladhoka.ch.zeppelin.ch-meta.net\/wp-content\/uploads\/2022\/02\/20210313105730_IMG_7256-150x150.jpg\" alt=\"\" class=\"wp-image-5462\"\/><\/figure>\n\n\n\n<figure class=\"wp-block-image size-thumbnail\"><img loading=\"lazy\" decoding=\"async\" width=\"150\" height=\"150\" data-id=\"5449\" src=\"https:\/\/staging-j.ladhoka.ch.zeppelin.ch-meta.net\/wp-content\/uploads\/2022\/02\/20210313103738_IMG_7225-150x150.jpg\" alt=\"\" class=\"wp-image-5449\"\/><\/figure>\n\n\n\n<figure class=\"wp-block-image size-thumbnail\"><img loading=\"lazy\" decoding=\"async\" width=\"150\" height=\"150\" data-id=\"5450\" src=\"https:\/\/staging-j.ladhoka.ch.zeppelin.ch-meta.net\/wp-content\/uploads\/2022\/02\/20210313104131_IMG_7228-150x150.jpg\" alt=\"\" class=\"wp-image-5450\"\/><\/figure>\n\n\n\n<figure class=\"wp-block-image size-thumbnail\"><img loading=\"lazy\" decoding=\"async\" width=\"150\" height=\"150\" data-id=\"5451\" src=\"https:\/\/staging-j.ladhoka.ch.zeppelin.ch-meta.net\/wp-content\/uploads\/2022\/02\/20210313104801_IMG_7237-150x150.jpg\" alt=\"\" class=\"wp-image-5451\"\/><\/figure>\n\n\n\n<figure class=\"wp-block-image size-thumbnail\"><img loading=\"lazy\" decoding=\"async\" width=\"150\" height=\"150\" data-id=\"5453\" src=\"https:\/\/staging-j.ladhoka.ch.zeppelin.ch-meta.net\/wp-content\/uploads\/2022\/02\/20210313104935_IMG_7241-150x150.jpg\" alt=\"\" class=\"wp-image-5453\"\/><\/figure>\n\n\n\n<figure class=\"wp-block-image size-thumbnail\"><img loading=\"lazy\" decoding=\"async\" width=\"150\" height=\"150\" data-id=\"5455\" src=\"https:\/\/staging-j.ladhoka.ch.zeppelin.ch-meta.net\/wp-content\/uploads\/2022\/02\/20210313105211_IMG_7247-150x150.jpg\" alt=\"\" class=\"wp-image-5455\"\/><\/figure>\n\n\n\n<figure class=\"wp-block-image size-thumbnail\"><img loading=\"lazy\" decoding=\"async\" width=\"150\" height=\"150\" data-id=\"5465\" src=\"https:\/\/staging-j.ladhoka.ch.zeppelin.ch-meta.net\/wp-content\/uploads\/2022\/02\/20210313110154_IMG_7266-150x150.jpg\" alt=\"\" class=\"wp-image-5465\"\/><\/figure>\n\n\n\n<figure class=\"wp-block-image size-thumbnail\"><img loading=\"lazy\" decoding=\"async\" width=\"150\" height=\"150\" data-id=\"5466\" src=\"https:\/\/staging-j.ladhoka.ch.zeppelin.ch-meta.net\/wp-content\/uploads\/2022\/02\/20210313110223_IMG_7270-150x150.jpg\" alt=\"\" class=\"wp-image-5466\"\/><\/figure>\n\n\n\n<figure class=\"wp-block-image size-thumbnail\"><img loading=\"lazy\" decoding=\"async\" width=\"150\" height=\"150\" data-id=\"5468\" src=\"https:\/\/staging-j.ladhoka.ch.zeppelin.ch-meta.net\/wp-content\/uploads\/2022\/02\/20210313110724_IMG_7285-150x150.jpg\" alt=\"\" class=\"wp-image-5468\"\/><\/figure>\n\n\n\n<figure class=\"wp-block-image size-thumbnail\"><img loading=\"lazy\" decoding=\"async\" width=\"150\" height=\"150\" data-id=\"5469\" src=\"https:\/\/staging-j.ladhoka.ch.zeppelin.ch-meta.net\/wp-content\/uploads\/2022\/02\/20210313110824_IMG_7290-150x150.jpg\" alt=\"\" class=\"wp-image-5469\"\/><\/figure>\n\n\n\n<figure class=\"wp-block-image size-thumbnail\"><img loading=\"lazy\" decoding=\"async\" width=\"150\" height=\"150\" data-id=\"5470\" src=\"https:\/\/staging-j.ladhoka.ch.zeppelin.ch-meta.net\/wp-content\/uploads\/2022\/02\/20210313110939_IMG_7293-150x150.jpg\" alt=\"\" class=\"wp-image-5470\"\/><\/figure>\n\n\n\n<figure class=\"wp-block-image size-thumbnail\"><img loading=\"lazy\" decoding=\"async\" width=\"150\" height=\"150\" data-id=\"5471\" src=\"https:\/\/staging-j.ladhoka.ch.zeppelin.ch-meta.net\/wp-content\/uploads\/2022\/02\/20210313110959_IMG_7296-150x150.jpg\" alt=\"\" class=\"wp-image-5471\"\/><\/figure>\n\n\n\n<figure class=\"wp-block-image size-thumbnail\"><img loading=\"lazy\" decoding=\"async\" width=\"150\" height=\"150\" data-id=\"5473\" src=\"https:\/\/staging-j.ladhoka.ch.zeppelin.ch-meta.net\/wp-content\/uploads\/2022\/02\/20210313111439_IMG_7302-150x150.jpg\" alt=\"\" class=\"wp-image-5473\"\/><\/figure>\n\n\n\n<figure class=\"wp-block-image size-thumbnail\"><img loading=\"lazy\" decoding=\"async\" width=\"150\" height=\"150\" data-id=\"5474\" src=\"https:\/\/staging-j.ladhoka.ch.zeppelin.ch-meta.net\/wp-content\/uploads\/2022\/02\/20210313111730_IMG_7310-150x150.jpg\" alt=\"\" class=\"wp-image-5474\"\/><\/figure>\n\n\n\n<figure class=\"wp-block-image size-thumbnail\"><img loading=\"lazy\" decoding=\"async\" width=\"150\" height=\"150\" data-id=\"5475\" src=\"https:\/\/staging-j.ladhoka.ch.zeppelin.ch-meta.net\/wp-content\/uploads\/2022\/02\/20210313111743_IMG_7311-150x150.jpg\" alt=\"\" class=\"wp-image-5475\"\/><\/figure>\n\n\n\n<figure class=\"wp-block-image size-thumbnail\"><img loading=\"lazy\" decoding=\"async\" width=\"150\" height=\"150\" data-id=\"5476\" src=\"https:\/\/staging-j.ladhoka.ch.zeppelin.ch-meta.net\/wp-content\/uploads\/2022\/02\/20210313111853_IMG_7314-150x150.jpg\" alt=\"\" class=\"wp-image-5476\"\/><\/figure>\n\n\n\n<figure class=\"wp-block-image size-thumbnail\"><img loading=\"lazy\" decoding=\"async\" width=\"150\" height=\"150\" data-id=\"5478\" src=\"https:\/\/staging-j.ladhoka.ch.zeppelin.ch-meta.net\/wp-content\/uploads\/2022\/02\/20210313111948_IMG_7319-150x150.jpg\" alt=\"\" class=\"wp-image-5478\"\/><\/figure>\n\n\n\n<figure class=\"wp-block-image size-thumbnail\"><img loading=\"lazy\" decoding=\"async\" width=\"150\" height=\"150\" data-id=\"5479\" src=\"https:\/\/staging-j.ladhoka.ch.zeppelin.ch-meta.net\/wp-content\/uploads\/2022\/02\/20210313112024_IMG_7320-150x150.jpg\" alt=\"\" class=\"wp-image-5479\"\/><\/figure>\n\n\n\n<figure class=\"wp-block-image size-thumbnail\"><img loading=\"lazy\" decoding=\"async\" width=\"150\" height=\"150\" data-id=\"5480\" src=\"https:\/\/staging-j.ladhoka.ch.zeppelin.ch-meta.net\/wp-content\/uploads\/2022\/02\/20210313112222_IMG_7323-150x150.jpg\" alt=\"\" class=\"wp-image-5480\"\/><\/figure>\n\n\n\n<figure class=\"wp-block-image size-thumbnail\"><img loading=\"lazy\" decoding=\"async\" width=\"150\" height=\"150\" data-id=\"5481\" src=\"https:\/\/staging-j.ladhoka.ch.zeppelin.ch-meta.net\/wp-content\/uploads\/2022\/02\/20210313112233_IMG_7324-150x150.jpg\" alt=\"\" class=\"wp-image-5481\"\/><\/figure>\n\n\n\n<figure class=\"wp-block-image size-thumbnail\"><img loading=\"lazy\" decoding=\"async\" width=\"150\" height=\"150\" data-id=\"5482\" src=\"https:\/\/staging-j.ladhoka.ch.zeppelin.ch-meta.net\/wp-content\/uploads\/2022\/02\/20210313112241_IMG_7325-1-150x150.jpg\" alt=\"\" class=\"wp-image-5482\"\/><\/figure>\n\n\n\n<figure class=\"wp-block-image size-thumbnail\"><img loading=\"lazy\" decoding=\"async\" width=\"150\" height=\"150\" data-id=\"5484\" src=\"https:\/\/staging-j.ladhoka.ch.zeppelin.ch-meta.net\/wp-content\/uploads\/2022\/02\/20210313112446_IMG_7334-150x150.jpg\" alt=\"\" class=\"wp-image-5484\"\/><\/figure>\n\n\n\n<figure class=\"wp-block-image size-thumbnail\"><img loading=\"lazy\" decoding=\"async\" width=\"150\" height=\"150\" data-id=\"5485\" src=\"https:\/\/staging-j.ladhoka.ch.zeppelin.ch-meta.net\/wp-content\/uploads\/2022\/02\/20210313112649_IMG_7336-150x150.jpg\" alt=\"\" class=\"wp-image-5485\"\/><\/figure>\n<\/figure>\n\n\n\n<h2 class=\"wp-block-heading\" id=\"beitrage-zum-kinderhaus\">Beitr\u00e4ge zum Kinderhaus<\/h2>\n\n\n\n<div class=\"wp-block-query is-layout-flow wp-block-query-is-layout-flow\"><ul class=\"is-flex-container columns-2 wp-block-post-template is-layout-flow wp-block-post-template-is-layout-flow\"><li class=\"wp-block-post post-6250 post type-post status-publish format-standard has-post-thumbnail hentry category-live-aus-nepal tag-kinderhaus\">\n\n<div class=\"wp-block-group\" style=\"padding-top:30px;padding-right:30px;padding-bottom:30px;padding-left:30px\"><div class=\"wp-block-group__inner-container is-layout-flow wp-block-group-is-layout-flow\"><h2 class=\"wp-block-post-title\"><a href=\"https:\/\/www.ladhoka.ch\/?p=6250\" target=\"_self\">Unsere Ehemaligen&#8230;<\/a><\/h2>\n\n<figure class=\"wp-block-post-featured-image\"><img loading=\"lazy\" decoding=\"async\" width=\"960\" height=\"1280\" src=\"https:\/\/www.ladhoka.ch\/wp-content\/uploads\/2025\/10\/WhatsApp-Bild-2025-10-27-um-02.18.13_900f6160.jpg\" class=\"attachment-post-thumbnail size-post-thumbnail wp-post-image\" alt=\"\" style=\"object-fit:cover;\" srcset=\"https:\/\/www.ladhoka.ch\/wp-content\/uploads\/2025\/10\/WhatsApp-Bild-2025-10-27-um-02.18.13_900f6160.jpg 960w, https:\/\/www.ladhoka.ch\/wp-content\/uploads\/2025\/10\/WhatsApp-Bild-2025-10-27-um-02.18.13_900f6160-225x300.jpg 225w, https:\/\/www.ladhoka.ch\/wp-content\/uploads\/2025\/10\/WhatsApp-Bild-2025-10-27-um-02.18.13_900f6160-768x1024.jpg 768w\" sizes=\"auto, (max-width: 960px) 100vw, 960px\" \/><\/figure>\n\n<div class=\"wp-block-post-excerpt\"><p class=\"wp-block-post-excerpt__excerpt\">&#8230; werden immer zahlreicher. Einige ehemalige La Dhoka Kids leben schon seit Jahren nicht mehr bei uns, manche sind erst k\u00fcrzlich ausgezogen. Allen gemeinsam ist, dass sie sich in einem Land mit einer schwachen Wirtschaft und wenigen Perspektiven durch ihre Jugendjahre und jungen Erwachsenenjahre pfl\u00fcgen m\u00fcssen. Das ist gewiss kein Zuckerschlecken und ist bis jetzt&hellip; <\/p><\/div>\n\n<div class=\"wp-block-post-date\"><time datetime=\"2025-11-03T08:18:32+01:00\">3. November 2025<\/time><\/div><\/div><\/div>\n\n<\/li><li class=\"wp-block-post post-6063 post type-post status-publish format-standard has-post-thumbnail hentry category-live-aus-nepal tag-kinderhaus\">\n\n<div class=\"wp-block-group\" style=\"padding-top:30px;padding-right:30px;padding-bottom:30px;padding-left:30px\"><div class=\"wp-block-group__inner-container is-layout-flow wp-block-group-is-layout-flow\"><h2 class=\"wp-block-post-title\"><a href=\"https:\/\/www.ladhoka.ch\/?p=6063\" target=\"_self\">Denguefieber in Kusunti<\/a><\/h2>\n\n<figure class=\"wp-block-post-featured-image\"><img loading=\"lazy\" decoding=\"async\" width=\"720\" height=\"1600\" src=\"https:\/\/www.ladhoka.ch\/wp-content\/uploads\/2022\/10\/0f0bea1e-f9d3-4164-9f8d-ccceaa6324ee.jpg\" class=\"attachment-post-thumbnail size-post-thumbnail wp-post-image\" alt=\"\" style=\"object-fit:cover;\" srcset=\"https:\/\/www.ladhoka.ch\/wp-content\/uploads\/2022\/10\/0f0bea1e-f9d3-4164-9f8d-ccceaa6324ee.jpg 720w, https:\/\/www.ladhoka.ch\/wp-content\/uploads\/2022\/10\/0f0bea1e-f9d3-4164-9f8d-ccceaa6324ee-135x300.jpg 135w, https:\/\/www.ladhoka.ch\/wp-content\/uploads\/2022\/10\/0f0bea1e-f9d3-4164-9f8d-ccceaa6324ee-461x1024.jpg 461w, https:\/\/www.ladhoka.ch\/wp-content\/uploads\/2022\/10\/0f0bea1e-f9d3-4164-9f8d-ccceaa6324ee-691x1536.jpg 691w\" sizes=\"auto, (max-width: 720px) 100vw, 720px\" \/><\/figure>\n\n<div class=\"wp-block-post-excerpt\"><p class=\"wp-block-post-excerpt__excerpt\">Anfangs September erreichte uns eine beunruhigende Nachricht aus Kathmandu &#171;Children are sick&#187;, schrieb Laxmi. Vorerst betrafen die Symptome (M\u00fcdigkeit, Temperatur) &#171;nur&#187; Alisha und Priya. Laxmi brachte sie zur \u00dcberpr\u00fcfung ins Spital und nach diversen Bluttesten wurde die etwas \u00fcberraschende Diagnose Denguefieber gestellt. Bald wurde klar, dass es sich um einen regelrechten Seuchenausbruch handelt im Kathmandutal&hellip; <\/p><\/div>\n\n<div class=\"wp-block-post-date\"><time datetime=\"2022-10-10T20:28:24+02:00\">10. Oktober 2022<\/time><\/div><\/div><\/div>\n\n<\/li><li class=\"wp-block-post post-5991 post type-post status-publish format-standard has-post-thumbnail hentry category-vereinstaetigkeiten-schweiz tag-frauenprojekt tag-kinderhaus tag-schulkinder\">\n\n<div class=\"wp-block-group\" style=\"padding-top:30px;padding-right:30px;padding-bottom:30px;padding-left:30px\"><div class=\"wp-block-group__inner-container is-layout-flow wp-block-group-is-layout-flow\"><h2 class=\"wp-block-post-title\"><a href=\"https:\/\/www.ladhoka.ch\/?p=5991\" target=\"_self\">7328 Fr.<\/a><\/h2>\n\n<figure class=\"wp-block-post-featured-image\"><img loading=\"lazy\" decoding=\"async\" width=\"1819\" height=\"1365\" src=\"https:\/\/www.ladhoka.ch\/wp-content\/uploads\/2022\/08\/1da1dc4a-c985-4467-8e9f-53f5f218ea92.jpg\" class=\"attachment-post-thumbnail size-post-thumbnail wp-post-image\" alt=\"\" style=\"object-fit:cover;\" srcset=\"https:\/\/www.ladhoka.ch\/wp-content\/uploads\/2022\/08\/1da1dc4a-c985-4467-8e9f-53f5f218ea92.jpg 1819w, https:\/\/www.ladhoka.ch\/wp-content\/uploads\/2022\/08\/1da1dc4a-c985-4467-8e9f-53f5f218ea92-300x225.jpg 300w, https:\/\/www.ladhoka.ch\/wp-content\/uploads\/2022\/08\/1da1dc4a-c985-4467-8e9f-53f5f218ea92-1024x768.jpg 1024w, https:\/\/www.ladhoka.ch\/wp-content\/uploads\/2022\/08\/1da1dc4a-c985-4467-8e9f-53f5f218ea92-768x576.jpg 768w, https:\/\/www.ladhoka.ch\/wp-content\/uploads\/2022\/08\/1da1dc4a-c985-4467-8e9f-53f5f218ea92-1536x1153.jpg 1536w\" sizes=\"auto, (max-width: 1819px) 100vw, 1819px\" \/><\/figure>\n\n<div class=\"wp-block-post-excerpt\"><p class=\"wp-block-post-excerpt__excerpt\">Das ist der stolze Betrag, der dank der Aktion &#171;Strampeln f\u00fcr La Dhoka&#187; zusammengekommen ist! Vielen Dank an unsere Kilometer-Sponsoren und die Bestellungen von Postkarten und Briefen! Unser Reiseblog http:\/\/www.outcycling.ch ist weiterhin aktiv, denn unsere Fahrradreise ist noch nicht zu Ende. Das Geld wird zum Teil f\u00fcr die Deckung der laufenden Projektkosten verwendet. Ausserdem schaffen&hellip; <\/p><\/div>\n\n<div class=\"wp-block-post-date\"><time datetime=\"2022-08-05T04:04:31+02:00\">5. August 2022<\/time><\/div><\/div><\/div>\n\n<\/li><li class=\"wp-block-post post-6023 post type-post status-publish format-standard has-post-thumbnail hentry category-live-aus-nepal tag-kinderhaus\">\n\n<div class=\"wp-block-group\" style=\"padding-top:30px;padding-right:30px;padding-bottom:30px;padding-left:30px\"><div class=\"wp-block-group__inner-container is-layout-flow wp-block-group-is-layout-flow\"><h2 class=\"wp-block-post-title\"><a href=\"https:\/\/www.ladhoka.ch\/?p=6023\" target=\"_self\">Die La Dhokas im Juli 2022<\/a><\/h2>\n\n<figure class=\"wp-block-post-featured-image\"><img loading=\"lazy\" decoding=\"async\" width=\"2016\" height=\"1512\" src=\"https:\/\/www.ladhoka.ch\/wp-content\/uploads\/2022\/07\/be734e91-71e5-42fb-8c02-72d1b0762ab3.jpg\" class=\"attachment-post-thumbnail size-post-thumbnail wp-post-image\" alt=\"\" style=\"object-fit:cover;\" srcset=\"https:\/\/www.ladhoka.ch\/wp-content\/uploads\/2022\/07\/be734e91-71e5-42fb-8c02-72d1b0762ab3.jpg 2016w, https:\/\/www.ladhoka.ch\/wp-content\/uploads\/2022\/07\/be734e91-71e5-42fb-8c02-72d1b0762ab3-300x225.jpg 300w, https:\/\/www.ladhoka.ch\/wp-content\/uploads\/2022\/07\/be734e91-71e5-42fb-8c02-72d1b0762ab3-1024x768.jpg 1024w, https:\/\/www.ladhoka.ch\/wp-content\/uploads\/2022\/07\/be734e91-71e5-42fb-8c02-72d1b0762ab3-768x576.jpg 768w, https:\/\/www.ladhoka.ch\/wp-content\/uploads\/2022\/07\/be734e91-71e5-42fb-8c02-72d1b0762ab3-1536x1152.jpg 1536w\" sizes=\"auto, (max-width: 2016px) 100vw, 2016px\" \/><\/figure>\n\n<div class=\"wp-block-post-excerpt\"><p class=\"wp-block-post-excerpt__excerpt\">F\u00fcr einen kleines Interview hat`s gerade noch gereicht vor der Weiterreise von Louie und Simone im Juli 2022: <\/p><\/div>\n\n<div class=\"wp-block-post-date\"><time datetime=\"2022-07-23T11:10:44+02:00\">23. Juli 2022<\/time><\/div><\/div><\/div>\n\n<\/li><li class=\"wp-block-post post-5980 post type-post status-publish format-standard has-post-thumbnail hentry category-live-aus-nepal tag-kinderhaus\">\n\n<div class=\"wp-block-group\" style=\"padding-top:30px;padding-right:30px;padding-bottom:30px;padding-left:30px\"><div class=\"wp-block-group__inner-container is-layout-flow wp-block-group-is-layout-flow\"><h2 class=\"wp-block-post-title\"><a href=\"https:\/\/www.ladhoka.ch\/?p=5980\" target=\"_self\">Ein neues M\u00e4dchen in Kusunti<\/a><\/h2>\n\n<figure class=\"wp-block-post-featured-image\"><img loading=\"lazy\" decoding=\"async\" width=\"394\" height=\"447\" src=\"https:\/\/www.ladhoka.ch\/wp-content\/uploads\/2022\/06\/Screenshot-2022-06-28-at-10.26.24.png\" class=\"attachment-post-thumbnail size-post-thumbnail wp-post-image\" alt=\"\" style=\"object-position:null% null%\" srcset=\"https:\/\/www.ladhoka.ch\/wp-content\/uploads\/2022\/06\/Screenshot-2022-06-28-at-10.26.24.png 394w, https:\/\/www.ladhoka.ch\/wp-content\/uploads\/2022\/06\/Screenshot-2022-06-28-at-10.26.24-264x300.png 264w\" sizes=\"auto, (max-width: 394px) 100vw, 394px\" \/><\/figure>\n\n<div class=\"wp-block-post-excerpt\"><p class=\"wp-block-post-excerpt__excerpt\">Das Child Welfare Office dr\u00e4ngt uns schon seit Langem dazu: Wir h\u00e4tten doch Platz und einen guten Ort und sowieso bei Weitem nicht die geforderten 10 Kinder in unserem Kinderhaus in Kusunti. Daher wurde uns dieses Jahr im Juni ein weiteres M\u00e4dchen zugewiesen: Sujata ist 10 Jahre alt und stammt wie schon Anik aus der&hellip; <\/p><\/div>\n\n<div class=\"wp-block-post-date\"><time datetime=\"2022-06-28T06:43:03+02:00\">28. Juni 2022<\/time><\/div><\/div><\/div>\n\n<\/li><li class=\"wp-block-post post-5914 post type-post status-publish format-standard has-post-thumbnail hentry category-live-aus-nepal category-vereinstaetigkeiten-schweiz tag-frauenprojekt tag-kinderhaus tag-schulkinder\">\n\n<div class=\"wp-block-group\" style=\"padding-top:30px;padding-right:30px;padding-bottom:30px;padding-left:30px\"><div class=\"wp-block-group__inner-container is-layout-flow wp-block-group-is-layout-flow\"><h2 class=\"wp-block-post-title\"><a href=\"https:\/\/www.ladhoka.ch\/?p=5914\" target=\"_self\">Nach zehn Monaten Fahrt in Kathmandu<\/a><\/h2>\n\n<figure class=\"wp-block-post-featured-image\"><img loading=\"lazy\" decoding=\"async\" width=\"2560\" height=\"1920\" src=\"https:\/\/www.ladhoka.ch\/wp-content\/uploads\/2022\/06\/20220530_190533-scaled.jpg\" class=\"attachment-post-thumbnail size-post-thumbnail wp-post-image\" alt=\"\" style=\"object-fit:cover;\" srcset=\"https:\/\/www.ladhoka.ch\/wp-content\/uploads\/2022\/06\/20220530_190533-scaled.jpg 2560w, https:\/\/www.ladhoka.ch\/wp-content\/uploads\/2022\/06\/20220530_190533-300x225.jpg 300w, https:\/\/www.ladhoka.ch\/wp-content\/uploads\/2022\/06\/20220530_190533-1024x768.jpg 1024w, https:\/\/www.ladhoka.ch\/wp-content\/uploads\/2022\/06\/20220530_190533-768x576.jpg 768w, https:\/\/www.ladhoka.ch\/wp-content\/uploads\/2022\/06\/20220530_190533-1536x1152.jpg 1536w, https:\/\/www.ladhoka.ch\/wp-content\/uploads\/2022\/06\/20220530_190533-2048x1536.jpg 2048w\" sizes=\"auto, (max-width: 2560px) 100vw, 2560px\" \/><\/figure>\n\n<div class=\"wp-block-post-excerpt\"><p class=\"wp-block-post-excerpt__excerpt\">Am 30. Mai 2022 fahren Louie und Simone nach zehn Monaten Reise mit ihren &#171;Winti-Velos&#187; in Kathmandu ein! Knapp 12`000 Kilometer haben sie in 14 L\u00e4ndern zur\u00fcckgelegt um dieses (erste) Ziel zu erreichen. Auf ihrem Blog http:\/\/www.outcycling.ch und dem Instagramkanal outcycling21 berichten sie detailliert \u00fcber diese Reise. Outcycling war auch &#171;Strampeln f\u00fcr La Dhoka&#187; und&hellip; <\/p><\/div>\n\n<div class=\"wp-block-post-date\"><time datetime=\"2022-06-17T09:54:21+02:00\">17. Juni 2022<\/time><\/div><\/div><\/div>\n\n<\/li><\/ul><\/div>\n","protected":false},"excerpt":{"rendered":"<p>Unser Kinderhaus bietet seit 2008 zwischen f\u00fcnf und 10 Kindern eine Heimat. Unsere Kinder&nbsp;kommen alle aus armen Verh\u00e4ltnissen und\/oder aus sehr zerr\u00fctteten Familien. Manche sind Vollwaisen, andere haben noch einen Elternteil. Mittlerweile sind aus den Kindern junge Erwachsene herangewachsen und einige von unseren Sch\u00fctzlingen sind auch schon wieder ausgeflogen. Rajin, Supriya, Bikesh und Anic leben [&hellip;]<\/p>\n","protected":false},"author":1,"featured_media":4951,"parent":0,"menu_order":2,"comment_status":"closed","ping_status":"closed","template":"","meta":{"footnotes":""},"folder":[],"class_list":["post-4939","page","type-page","status-publish","has-post-thumbnail","hentry"],"_links":{"self":[{"href":"https:\/\/www.ladhoka.ch\/index.php?rest_route=\/wp\/v2\/pages\/4939","targetHints":{"allow":["GET"]}}],"collection":[{"href":"https:\/\/www.ladhoka.ch\/index.php?rest_route=\/wp\/v2\/pages"}],"about":[{"href":"https:\/\/www.ladhoka.ch\/index.php?rest_route=\/wp\/v2\/types\/page"}],"author":[{"embeddable":true,"href":"https:\/\/www.ladhoka.ch\/index.php?rest_route=\/wp\/v2\/users\/1"}],"replies":[{"embeddable":true,"href":"https:\/\/www.ladhoka.ch\/index.php?rest_route=%2Fwp%2Fv2%2Fcomments&post=4939"}],"version-history":[{"count":26,"href":"https:\/\/www.ladhoka.ch\/index.php?rest_route=\/wp\/v2\/pages\/4939\/revisions"}],"predecessor-version":[{"id":5780,"href":"https:\/\/www.ladhoka.ch\/index.php?rest_route=\/wp\/v2\/pages\/4939\/revisions\/5780"}],"wp:featuredmedia":[{"embeddable":true,"href":"https:\/\/www.ladhoka.ch\/index.php?rest_route=\/wp\/v2\/media\/4951"}],"wp:attachment":[{"href":"https:\/\/www.ladhoka.ch\/index.php?rest_route=%2Fwp%2Fv2%2Fmedia&parent=4939"}],"wp:term":[{"taxonomy":"folder","embeddable":true,"href":"https:\/\/www.ladhoka.ch\/index.php?rest_route=%2Fwp%2Fv2%2Ffolder&post=4939"}],"curies":[{"name":"wp","href":"https:\/\/api.w.org\/{rel}","templated":true}]}}