{"id":4943,"date":"2021-07-23T19:42:07","date_gmt":"2021-07-23T19:42:07","guid":{"rendered":"https:\/\/ladhoka.ch.zeppelin.ch-meta.net\/?page_id=4943"},"modified":"2022-02-26T06:49:34","modified_gmt":"2022-02-26T05:49:34","slug":"schulkinder","status":"publish","type":"page","link":"https:\/\/www.ladhoka.ch\/?page_id=4943","title":{"rendered":"Schulkinder"},"content":{"rendered":"\n<p>Im Sommer 2009 starteten wir unser Programm f\u00fcr Schulkinder (Scholarship). Dabei unterst\u00fctzen wir Kinder aus sehr armen Verh\u00e4ltnissen mit einem monatlichen, finanziellen Betrag. Die allermeisten &#171;Scholarship-Kinder&#187; besuchen eine Regierungsschule. Die Mehrheit unserer Schulkinder sind M\u00e4dchen.<br>Unsere Unterst\u00fctzung deckt Kosten f\u00fcr Schulhefte und schulbezogene Zusatzausgaben (Stifte, Snacks etc.), die die Familien jeweils kaum tragen k\u00f6nnen. Jeweils auf den Schuljahresstart im April bekommen die Kinder\/ Familien einen Extrazustupf f\u00fcr Dinge wie neue Schuluniformen, Schuhe etc.  <br>Die Unterst\u00fctzung ist langfristig angelegt; genauer gesagt bis zum SLC *der ausgew\u00e4hlten Kinder.<br>Momentan kriegen rund 29 Kinder\/ Familien einen Zustupf und in naher Zukunft werden wir m\u00f6glicherweise noch weitere Kinder in unser Programm aufnehmen.<\/p>\n\n\n\n<p>*SLC= school leaving certificate nach der 10. Klasse,\u00a0<em>der<\/em>\u00a0Meilenstein von jedem nepalesischen Sch\u00fcler. <\/p>\n\n\n\n<h3 class=\"wp-block-heading\" id=\"drei-ganz-normale-geschichten\">Drei ganz normale Geschichten:<\/h3>\n\n\n\n<div class=\"wp-block-columns is-layout-flex wp-container-core-columns-is-layout-9d6595d7 wp-block-columns-is-layout-flex\">\n<div class=\"wp-block-column is-layout-flow wp-block-column-is-layout-flow\" style=\"flex-basis:100%\">\n<p><strong>Anisha<\/strong><br>Nach dem Tod des Vaters z\u00fcgelte die Mutter zur\u00fcck in ihr Elternhaus. Dort verdient aber nur ein Onkel; das Geld ist also sehr knapp. Die Schulkosten sprengen das bescheidene Budget der Grossfamilie.<br><\/p>\n<\/div>\n\n\n\n<div class=\"wp-block-column is-layout-flow wp-block-column-is-layout-flow\" style=\"flex-basis:100%\">\n<p><strong>Bintunap Napit<\/strong><br>Bedingt durch ernste gesundheitliche Probleme kann der Vater keiner regelm\u00e4ssigen Arbeit nachgehen. Die Mutter ist gezwungen, als Tagl\u00f6hnerin zu arbeiten und verdient dabei nicht sehr viel. Bintunap hat einen Bruder.<br>Sie hat eine grosse Schulmotivation und lernt schnell dazu. Die Famile lebt in Dulikhel in einem sehr kleinen Zuhause.<br><\/p>\n<\/div>\n\n\n\n<div class=\"wp-block-column is-layout-flow wp-block-column-is-layout-flow\" style=\"flex-basis:100%\">\n<p><strong>Antara Tapa&nbsp;<\/strong><br>Antara lebt bei Verwandten. Ihre Mutter ist bei einem Unfall ums Leben gekommen und der Vater hat sie daraufhin verlassen. Niemand weiss, wo er sich aufh\u00e4lt. Vor der Unterst\u00fctzung durch La Dhoka hat Antara die Schule besucht; musste dann aber abbrechen, da niemand mehr f\u00fcr sie die Geb\u00fchren bezahlen wollte und konnte.<\/p>\n<\/div>\n<\/div>\n\n\n\n<h2 class=\"wp-block-heading\" id=\"impressionen\">Impressionen<\/h2>\n\n\n\n<figure class=\"wp-block-gallery has-nested-images columns-default is-cropped wp-block-gallery-1 is-layout-flex wp-block-gallery-is-layout-flex\">\n<figure class=\"wp-block-image size-thumbnail\"><img loading=\"lazy\" decoding=\"async\" width=\"150\" height=\"150\" data-id=\"5526\" src=\"https:\/\/staging-j.ladhoka.ch.zeppelin.ch-meta.net\/wp-content\/uploads\/2022\/02\/3f102880-44c2-4960-a92c-893145940590-150x150.jpg\" alt=\"\" class=\"wp-image-5526\"\/><\/figure>\n\n\n\n<figure class=\"wp-block-image size-thumbnail\"><img loading=\"lazy\" decoding=\"async\" width=\"150\" height=\"150\" data-id=\"5531\" src=\"https:\/\/staging-j.ladhoka.ch.zeppelin.ch-meta.net\/wp-content\/uploads\/2022\/02\/7c535cfc-e4bc-4b06-9393-b37cac1bd7a0-150x150.jpg\" alt=\"\" class=\"wp-image-5531\"\/><\/figure>\n\n\n\n<figure class=\"wp-block-image size-thumbnail\"><img loading=\"lazy\" decoding=\"async\" width=\"150\" height=\"150\" data-id=\"5527\" src=\"https:\/\/staging-j.ladhoka.ch.zeppelin.ch-meta.net\/wp-content\/uploads\/2022\/02\/7ddb2b95-7a52-4ec4-b5d5-8908f4c6be63-150x150.jpg\" alt=\"\" class=\"wp-image-5527\"\/><\/figure>\n\n\n\n<figure class=\"wp-block-image size-thumbnail\"><img loading=\"lazy\" decoding=\"async\" width=\"150\" height=\"150\" data-id=\"5528\" src=\"https:\/\/staging-j.ladhoka.ch.zeppelin.ch-meta.net\/wp-content\/uploads\/2022\/02\/8a8b0e24-d535-4076-bc3b-fbd48aea34aa-150x150.jpg\" alt=\"\" class=\"wp-image-5528\"\/><\/figure>\n\n\n\n<figure class=\"wp-block-image size-thumbnail\"><img loading=\"lazy\" decoding=\"async\" width=\"150\" height=\"150\" data-id=\"5530\" src=\"https:\/\/staging-j.ladhoka.ch.zeppelin.ch-meta.net\/wp-content\/uploads\/2022\/02\/8a73d957-3e18-4da0-8648-cfe57b5873c8-150x150.jpg\" alt=\"\" class=\"wp-image-5530\"\/><\/figure>\n\n\n\n<figure class=\"wp-block-image size-thumbnail\"><img loading=\"lazy\" decoding=\"async\" width=\"150\" height=\"150\" data-id=\"5539\" src=\"https:\/\/staging-j.ladhoka.ch.zeppelin.ch-meta.net\/wp-content\/uploads\/2022\/02\/041ab7e7-95db-4559-b3b6-4143b7f3cc15-150x150.jpg\" alt=\"\" class=\"wp-image-5539\"\/><\/figure>\n\n\n\n<figure class=\"wp-block-image size-thumbnail\"><img loading=\"lazy\" decoding=\"async\" width=\"150\" height=\"150\" data-id=\"5538\" src=\"https:\/\/staging-j.ladhoka.ch.zeppelin.ch-meta.net\/wp-content\/uploads\/2022\/02\/55f7dd3b-54b1-454f-8564-b076839cb4a0-150x150.jpg\" alt=\"\" class=\"wp-image-5538\"\/><\/figure>\n\n\n\n<figure class=\"wp-block-image size-thumbnail\"><img loading=\"lazy\" decoding=\"async\" width=\"150\" height=\"150\" data-id=\"5541\" src=\"https:\/\/staging-j.ladhoka.ch.zeppelin.ch-meta.net\/wp-content\/uploads\/2022\/02\/805a205f-bb99-4dd6-8b1d-6f150df5d2d5-150x150.jpg\" alt=\"\" class=\"wp-image-5541\"\/><\/figure>\n\n\n\n<figure class=\"wp-block-image size-thumbnail\"><img loading=\"lazy\" decoding=\"async\" width=\"150\" height=\"150\" data-id=\"5535\" src=\"https:\/\/staging-j.ladhoka.ch.zeppelin.ch-meta.net\/wp-content\/uploads\/2022\/02\/c1fc67f0-2165-4f0f-95ed-5d34fc39c794-150x150.jpg\" alt=\"\" class=\"wp-image-5535\"\/><\/figure>\n\n\n\n<figure class=\"wp-block-image size-thumbnail\"><img loading=\"lazy\" decoding=\"async\" width=\"150\" height=\"150\" data-id=\"5537\" src=\"https:\/\/staging-j.ladhoka.ch.zeppelin.ch-meta.net\/wp-content\/uploads\/2022\/02\/cc859a99-7e55-4e29-a2aa-6d98e02689e0-150x150.jpg\" alt=\"\" class=\"wp-image-5537\"\/><\/figure>\n\n\n\n<figure class=\"wp-block-image size-thumbnail\"><img loading=\"lazy\" decoding=\"async\" width=\"150\" height=\"150\" data-id=\"5529\" src=\"https:\/\/staging-j.ladhoka.ch.zeppelin.ch-meta.net\/wp-content\/uploads\/2022\/02\/dad6cc02-1662-4ce4-adb8-5686e576c292-150x150.jpg\" alt=\"\" class=\"wp-image-5529\"\/><\/figure>\n\n\n\n<figure class=\"wp-block-image size-thumbnail\"><img loading=\"lazy\" decoding=\"async\" width=\"150\" height=\"150\" data-id=\"5536\" src=\"https:\/\/staging-j.ladhoka.ch.zeppelin.ch-meta.net\/wp-content\/uploads\/2022\/02\/df721b6c-83d1-4b4f-b300-56c85385016d-150x150.jpg\" alt=\"\" class=\"wp-image-5536\"\/><\/figure>\n\n\n\n<figure class=\"wp-block-image size-thumbnail\"><img loading=\"lazy\" decoding=\"async\" width=\"150\" height=\"150\" data-id=\"5540\" src=\"https:\/\/staging-j.ladhoka.ch.zeppelin.ch-meta.net\/wp-content\/uploads\/2022\/02\/e8adcb74-875f-4bc3-96c0-0903944d0400-150x150.jpg\" alt=\"\" class=\"wp-image-5540\"\/><\/figure>\n\n\n\n<figure class=\"wp-block-image size-thumbnail\"><img loading=\"lazy\" decoding=\"async\" width=\"150\" height=\"150\" data-id=\"5532\" src=\"https:\/\/staging-j.ladhoka.ch.zeppelin.ch-meta.net\/wp-content\/uploads\/2022\/02\/fd7e7d16-955d-4420-970a-8512151d14e4-150x150.jpg\" alt=\"\" class=\"wp-image-5532\"\/><\/figure>\n\n\n\n<figure class=\"wp-block-image size-thumbnail\"><img loading=\"lazy\" decoding=\"async\" width=\"150\" height=\"150\" data-id=\"5534\" src=\"https:\/\/staging-j.ladhoka.ch.zeppelin.ch-meta.net\/wp-content\/uploads\/2022\/02\/Salina-mahit-150x150.jpg\" alt=\"\" class=\"wp-image-5534\"\/><\/figure>\n<\/figure>\n\n\n\n<h2 class=\"wp-block-heading\" id=\"beitrage-zu-schulkindern\">Beitr\u00e4ge zu Schulkindern<\/h2>\n\n\n\n<div class=\"wp-block-query is-layout-flow wp-block-query-is-layout-flow\"><ul class=\"is-flex-container columns-2 wp-block-post-template is-layout-flow wp-block-post-template-is-layout-flow\"><li class=\"wp-block-post post-6098 post type-post status-publish format-standard has-post-thumbnail hentry category-live-aus-nepal tag-schulkinder\">\n\n<div class=\"wp-block-group\" style=\"padding-top:30px;padding-right:30px;padding-bottom:30px;padding-left:30px\"><div class=\"wp-block-group__inner-container is-layout-flow wp-block-group-is-layout-flow\"><h2 class=\"wp-block-post-title\"><a href=\"https:\/\/www.ladhoka.ch\/?p=6098\" target=\"_self\">Besuch in der Balmikishwor-Schule<\/a><\/h2>\n\n<div class=\"wp-block-post-excerpt\"><p class=\"wp-block-post-excerpt__excerpt\">In unregelm\u00e4ssigen Abst\u00e4nden stattet Laxmi, oft in Begleitung von BK, Mitarbeitenden vom Narighar oder einigen der Kusuntikindern, unseren Scholarship-Kindern Besuche ab. Vor kurzer Zeit kamen &#171;unsere&#187; Sch\u00fcler an der Balmikishwor Schule in Baktapur an die Reihe. Hier unterst\u00fctzen wir 12 Sch\u00fclerInnen*. Der Besuch der Regierungsschule ist in Nepal zwar kostenlos, jedoch m\u00fcssen die Eltern nach&hellip; <\/p><\/div>\n\n<div class=\"wp-block-post-date\"><time datetime=\"2023-03-04T22:35:07+01:00\">4. M\u00e4rz 2023<\/time><\/div><\/div><\/div>\n\n<\/li><li class=\"wp-block-post post-5991 post type-post status-publish format-standard has-post-thumbnail hentry category-vereinstaetigkeiten-schweiz tag-frauenprojekt tag-kinderhaus tag-schulkinder\">\n\n<div class=\"wp-block-group\" style=\"padding-top:30px;padding-right:30px;padding-bottom:30px;padding-left:30px\"><div class=\"wp-block-group__inner-container is-layout-flow wp-block-group-is-layout-flow\"><h2 class=\"wp-block-post-title\"><a href=\"https:\/\/www.ladhoka.ch\/?p=5991\" target=\"_self\">7328 Fr.<\/a><\/h2>\n\n<div class=\"wp-block-post-excerpt\"><p class=\"wp-block-post-excerpt__excerpt\">Das ist der stolze Betrag, der dank der Aktion &#171;Strampeln f\u00fcr La Dhoka&#187; zusammengekommen ist! Vielen Dank an unsere Kilometer-Sponsoren und die Bestellungen von Postkarten und Briefen! Unser Reiseblog http:\/\/www.outcycling.ch ist weiterhin aktiv, denn unsere Fahrradreise ist noch nicht zu Ende. Das Geld wird zum Teil f\u00fcr die Deckung der laufenden Projektkosten verwendet. Ausserdem schaffen&hellip; <\/p><\/div>\n\n<div class=\"wp-block-post-date\"><time datetime=\"2022-08-05T04:04:31+02:00\">5. August 2022<\/time><\/div><\/div><\/div>\n\n<\/li><li class=\"wp-block-post post-5914 post type-post status-publish format-standard has-post-thumbnail hentry category-live-aus-nepal category-vereinstaetigkeiten-schweiz tag-frauenprojekt tag-kinderhaus tag-schulkinder\">\n\n<div class=\"wp-block-group\" style=\"padding-top:30px;padding-right:30px;padding-bottom:30px;padding-left:30px\"><div class=\"wp-block-group__inner-container is-layout-flow wp-block-group-is-layout-flow\"><h2 class=\"wp-block-post-title\"><a href=\"https:\/\/www.ladhoka.ch\/?p=5914\" target=\"_self\">Nach zehn Monaten Fahrt in Kathmandu<\/a><\/h2>\n\n<div class=\"wp-block-post-excerpt\"><p class=\"wp-block-post-excerpt__excerpt\">Am 30. Mai 2022 fahren Louie und Simone nach zehn Monaten Reise mit ihren &#171;Winti-Velos&#187; in Kathmandu ein! Knapp 12`000 Kilometer haben sie in 14 L\u00e4ndern zur\u00fcckgelegt um dieses (erste) Ziel zu erreichen. Auf ihrem Blog http:\/\/www.outcycling.ch und dem Instagramkanal outcycling21 berichten sie detailliert \u00fcber diese Reise. Outcycling war auch &#171;Strampeln f\u00fcr La Dhoka&#187; und&hellip; <\/p><\/div>\n\n<div class=\"wp-block-post-date\"><time datetime=\"2022-06-17T09:54:21+02:00\">17. Juni 2022<\/time><\/div><\/div><\/div>\n\n<\/li><li class=\"wp-block-post post-5939 post type-post status-publish format-standard has-post-thumbnail hentry category-live-aus-nepal tag-schulkinder\">\n\n<div class=\"wp-block-group\" style=\"padding-top:30px;padding-right:30px;padding-bottom:30px;padding-left:30px\"><div class=\"wp-block-group__inner-container is-layout-flow wp-block-group-is-layout-flow\"><h2 class=\"wp-block-post-title\"><a href=\"https:\/\/www.ladhoka.ch\/?p=5939\" target=\"_self\">Rucks\u00e4cke f\u00fcr Dhading<\/a><\/h2>\n\n<div class=\"wp-block-post-excerpt\"><p class=\"wp-block-post-excerpt__excerpt\">Dhading liegt etwas ausserhalb des Kathmandu Valleys. Hier in der Regierungsschule Bhimdhunga unterst\u00fctzen wir seit sechs Jahren zehn Schulkinder aus armen Verh\u00e4ltnissen mit einer Scholarship. Im Mai statteten BK und Laxmi der Schule einen Besuch ab und verteilten Schulhefte, Rucks\u00e4cke und einige Lebensmittel. Strahlende Gesichter waren die Folge dieser Aktion. <\/p><\/div>\n\n<div class=\"wp-block-post-date\"><time datetime=\"2022-05-10T05:55:00+02:00\">10. Mai 2022<\/time><\/div><\/div><\/div>\n\n<\/li><li class=\"wp-block-post post-5016 post type-post status-publish format-standard has-post-thumbnail hentry category-vereinstaetigkeiten-schweiz tag-frauenprojekt tag-kinderhaus tag-schulkinder\">\n\n<div class=\"wp-block-group\" style=\"padding-top:30px;padding-right:30px;padding-bottom:30px;padding-left:30px\"><div class=\"wp-block-group__inner-container is-layout-flow wp-block-group-is-layout-flow\"><h2 class=\"wp-block-post-title\"><a href=\"https:\/\/www.ladhoka.ch\/?p=5016\" target=\"_self\">Strampeln f\u00fcr La Dhoka: &#171;Outcycling&#187;<\/a><\/h2>\n\n<div class=\"wp-block-post-excerpt\"><p class=\"wp-block-post-excerpt__excerpt\">Ab dem August 2021 sind Simone und ihr Mann Louie mit &#171;outcycling&#187; unterwegs. Mit ihren Fahrr\u00e4dern wollen sie von der Schweiz bis nach Kathmandu strampeln und dabei Geld f\u00fcr La Dhoka sammeln. Hier gehts zum Foundraiser von outcycling.ch. Wer sich f\u00fcr Velotouren interessiert, findet auf Instagram unter outcycling21 spannende Impressionen. Unter www.outcycling.ch schreibt Simone einen&hellip; <\/p><\/div>\n\n<div class=\"wp-block-post-date\"><time datetime=\"2021-07-27T09:17:01+02:00\">27. Juli 2021<\/time><\/div><\/div><\/div>\n\n<\/li><li class=\"wp-block-post post-4905 post type-post status-publish format-standard has-post-thumbnail hentry category-live-aus-nepal tag-frauenprojekt tag-kinderhaus tag-schulkinder\">\n\n<div class=\"wp-block-group\" style=\"padding-top:30px;padding-right:30px;padding-bottom:30px;padding-left:30px\"><div class=\"wp-block-group__inner-container is-layout-flow wp-block-group-is-layout-flow\"><h2 class=\"wp-block-post-title\"><a href=\"https:\/\/www.ladhoka.ch\/?p=4905\" target=\"_self\">Und wieder ist Lockdown<\/a><\/h2>\n\n<div class=\"wp-block-post-excerpt\"><p class=\"wp-block-post-excerpt__excerpt\">Wir haben es alle in den Medien mitverfolgt. Gegen Ende April stiegen die Coronafallzahlen in Indien in rasendem Tempo. Es war absehbar, dass diese neue Welle auch auf Nepal bzw. Kathmandu \u00fcberschwappen wird. Anfangs Mai dann wurde f\u00fcr das KTM Valley erneut ein harter Lockdown beschlossen. Von einem Tag auf den anderen fuhren keine Busse&hellip; <\/p><\/div>\n\n<div class=\"wp-block-post-date\"><time datetime=\"2021-06-10T18:56:28+02:00\">10. Juni 2021<\/time><\/div><\/div><\/div>\n\n<\/li><\/ul><\/div>\n","protected":false},"excerpt":{"rendered":"<p>Im Sommer 2009 starteten wir unser Programm f\u00fcr Schulkinder (Scholarship). Dabei unterst\u00fctzen wir Kinder aus sehr armen Verh\u00e4ltnissen mit einem monatlichen, finanziellen Betrag. Die allermeisten &#171;Scholarship-Kinder&#187; besuchen eine Regierungsschule. Die Mehrheit unserer Schulkinder sind M\u00e4dchen.Unsere Unterst\u00fctzung deckt Kosten f\u00fcr Schulhefte und schulbezogene Zusatzausgaben (Stifte, Snacks etc.), die die Familien jeweils kaum tragen k\u00f6nnen. Jeweils auf [&hellip;]<\/p>\n","protected":false},"author":1,"featured_media":5545,"parent":0,"menu_order":4,"comment_status":"closed","ping_status":"closed","template":"","meta":{"footnotes":""},"folder":[],"class_list":["post-4943","page","type-page","status-publish","has-post-thumbnail","hentry"],"_links":{"self":[{"href":"https:\/\/www.ladhoka.ch\/index.php?rest_route=\/wp\/v2\/pages\/4943","targetHints":{"allow":["GET"]}}],"collection":[{"href":"https:\/\/www.ladhoka.ch\/index.php?rest_route=\/wp\/v2\/pages"}],"about":[{"href":"https:\/\/www.ladhoka.ch\/index.php?rest_route=\/wp\/v2\/types\/page"}],"author":[{"embeddable":true,"href":"https:\/\/www.ladhoka.ch\/index.php?rest_route=\/wp\/v2\/users\/1"}],"replies":[{"embeddable":true,"href":"https:\/\/www.ladhoka.ch\/index.php?rest_route=%2Fwp%2Fv2%2Fcomments&post=4943"}],"version-history":[{"count":12,"href":"https:\/\/www.ladhoka.ch\/index.php?rest_route=\/wp\/v2\/pages\/4943\/revisions"}],"predecessor-version":[{"id":5765,"href":"https:\/\/www.ladhoka.ch\/index.php?rest_route=\/wp\/v2\/pages\/4943\/revisions\/5765"}],"wp:featuredmedia":[{"embeddable":true,"href":"https:\/\/www.ladhoka.ch\/index.php?rest_route=\/wp\/v2\/media\/5545"}],"wp:attachment":[{"href":"https:\/\/www.ladhoka.ch\/index.php?rest_route=%2Fwp%2Fv2%2Fmedia&parent=4943"}],"wp:term":[{"taxonomy":"folder","embeddable":true,"href":"https:\/\/www.ladhoka.ch\/index.php?rest_route=%2Fwp%2Fv2%2Ffolder&post=4943"}],"curies":[{"name":"wp","href":"https:\/\/api.w.org\/{rel}","templated":true}]}}