{"id":4945,"date":"2021-07-23T19:42:24","date_gmt":"2021-07-23T19:42:24","guid":{"rendered":"https:\/\/ladhoka.ch.zeppelin.ch-meta.net\/?page_id=4945"},"modified":"2022-05-24T03:57:24","modified_gmt":"2022-05-24T01:57:24","slug":"ueber-uns","status":"publish","type":"page","link":"https:\/\/www.ladhoka.ch\/?page_id=4945","title":{"rendered":"\u00dcber uns"},"content":{"rendered":"\n<p>Die Hauptpersonen im Hintergrund von La Dhoka sind zwei Frauen: Laxmi Dhungel und Simone Moser. Die Nepalesin und die Schweizerin lernten sich bei einem Auslandaufenthalt von Simone im Jahr 2008 kennen. Aus der Freundschaft entstand das gemeinsame Engagement \u201cLa Dhoka\u201c.<\/p>\n\n\n\n<p>Seit 2009 ist La Dhoka in der Schweiz als gleichnamiger Verein organisiert. Wichtige Entscheidungen werden von Laxmi und dem schweizer Vorstand gemeinsam gef\u00e4llt. La Dhoka Schweiz ist prim\u00e4r f\u00fcr die Sicherstellung der finanziellen Ressourcen und die Vereinst\u00e4tigkeiten in der Schweiz verantwortlich, w\u00e4hrend Laxmi mit Unterst\u00fctzung von ihrem Mann BK und unserer jeweiligen Narighar-B\u00fcro-Helferin s\u00e4mtliche administrativen und operativen Aktivit\u00e4ten in Nepal plant und umsetzt. <\/p>\n\n\n<div ><style>#sp-ea-5439 .spcollapsing { height: 0; overflow: hidden; transition-property: height;transition-duration: 300ms;}.sp-easy-accordion-enabled .eap_section_title_5439, body .eap_section_title_5439 { color: #444; margin-bottom:  30px; }#sp-ea-5439.sp-easy-accordion>.sp-ea-single {margin-bottom: 10px; border: 1px solid #e2e2e2; }#sp-ea-5439.sp-easy-accordion>.sp-ea-single>.ea-header a {color: #444;}#sp-ea-5439.sp-easy-accordion>.sp-ea-single>.sp-collapse>.ea-body {background: #fff; color: #444;}#sp-ea-5439.sp-easy-accordion>.sp-ea-single {background: #eee;}#sp-ea-5439.sp-easy-accordion>.sp-ea-single>.ea-header a .ea-expand-icon { float: left; color: #444;font-size: 16px;}<\/style><h2 class=\"eap_section_title eap_section_title_5439\">Nepal Crew<\/h2><div id=\"sp_easy_accordion-1776751486\"><div id=\"sp-ea-5439\" class=\"sp-ea-one sp-easy-accordion\" data-ea-active=\"ea-click\" data-ea-mode=\"vertical\" data-preloader=\"\" data-scroll-active-item=\"\" data-offset-to-scroll=\"0\"><div class=\"ea-card ea-expand sp-ea-single\"><h3 class=\"ea-header\"><a class=\"collapsed\" id=\"ea-header-54390\" role=\"button\" data-sptoggle=\"spcollapse\" data-sptarget=\"#collapse54390\" aria-controls=\"collapse54390\" href=\"#\" aria-expanded=\"true\" tabindex=\"0\"><i aria-hidden=\"true\" role=\"presentation\" class=\"ea-expand-icon eap-icon-ea-expand-minus\"><\/i> Laxmi Dhungel (Jahrgang 1984) &#8211; Projektleiterin in Nepal <\/a><\/h3><div class=\"sp-collapse spcollapse collapsed show\" id=\"collapse54390\" data-parent=\"#sp-ea-5439\" role=\"region\" aria-labelledby=\"ea-header-54390\"> <div class=\"ea-body\"><p><\/p><p><img loading=\"lazy\" decoding=\"async\" class=\"alignnone size-medium wp-image-5854\" src=\"https:\/\/staging-j.ladhoka.ch.zeppelin.ch-meta.net\/wp-content\/uploads\/2022\/03\/laxmi-286x300.jpeg\" alt=\"\" width=\"286\" height=\"300\" srcset=\"https:\/\/www.ladhoka.ch\/wp-content\/uploads\/2022\/03\/laxmi-286x300.jpeg 286w, https:\/\/www.ladhoka.ch\/wp-content\/uploads\/2022\/03\/laxmi-978x1024.jpeg 978w, https:\/\/www.ladhoka.ch\/wp-content\/uploads\/2022\/03\/laxmi-768x804.jpeg 768w, https:\/\/www.ladhoka.ch\/wp-content\/uploads\/2022\/03\/laxmi.jpeg 1116w\" sizes=\"auto, (max-width: 286px) 100vw, 286px\" \/><\/p><p>Laxmi wuchs in Lubhoo, Nepal, auf. Im Sommer 2009 schloss sie ihren Master in Social Development an der Kirtipur Universiy in Kathmandu ab. Seit 2011 ist Laxmi verheiratet und geniesst f\u00fcr ihr Engagement die volle Unterst\u00fctzung ihrer Eltern und ihres Ehemannes. Schon vor der offiziellen Gr\u00fcndung von La Dhoka im M\u00e4rz 2008 war Laxmi aus eigenem Antriebaktiv: Im Jahr 2006 gr\u00fcndete sie selbstbewusst die Organisation &#171;Isabella Social Kiran Light Foundation&#187;. Sie begann, Kinder aus schlechten Verh\u00e4ltnissen in ihrem Elternhaus aufzunehmen. Fast ihr gesamtes\u00a0Gehalt aus ihrer damaligen Lehrert\u00e4tigkeit investierte sie f\u00fcr &#171;ihre&#187; Kinder und es gelang ihr, ihre Eltern und Freunde f\u00fcr ihre ungewohnten Pl\u00e4ne zu begeistern.<\/p><p><\/p><p><\/p><p>Laxmi ist eine sehr bemerkenswerte Person. Zwischen Tradition und Moderne hat sie sich selbstlos daf\u00fcr entschieden, ihr Umfeld zu verbessern und sich f\u00fcr andere einzusetzen. Ihr starker Wille findet in verschiedensten Situationen Ausdruck und immer wieder begegnet sie schwierigen Situationen mit dem Satz: &#171;Don`t worry, we will manage!&#187;- Keine Sorge, wir werden das schaffen!<\/p><p><\/p><p><\/p><p>Seit 2016 wohnen Laxmi, BK und Babbu gemeinsam mit den Kindern unter einem Dach und die Organisation von Kinderhaus und Narighar hat sich seither entscheidend vereinfacht.<\/p><p><\/p><\/div><\/div><\/div><div class=\"ea-card sp-ea-single\"><h3 class=\"ea-header\"><a class=\"collapsed\" id=\"ea-header-54391\" role=\"button\" data-sptoggle=\"spcollapse\" data-sptarget=\"#collapse54391\" aria-controls=\"collapse54391\" href=\"#\" aria-expanded=\"false\" tabindex=\"0\"><i aria-hidden=\"true\" role=\"presentation\" class=\"ea-expand-icon eap-icon-ea-expand-plus\"><\/i> BK Bista &#8211; Laxmi`s Mann <\/a><\/h3><div class=\"sp-collapse spcollapse \" id=\"collapse54391\" data-parent=\"#sp-ea-5439\" role=\"region\" aria-labelledby=\"ea-header-54391\"> <div class=\"ea-body\"><p>BK wurde seit seiner Heirat mit Laxmi 2011 je l\u00e4nger desto mehr Teil von La Dhoka. E<strong>r<\/strong> unterrichtet mit Herzblut an einem College Mathematik. Es ist nicht selbstverst\u00e4ndlich &#8211; BK engagiert sich sehr f\u00fcr die Anliegen von La Dhoka und ist mittlerweile zu einem unverzichtbaren Teil davon geworden. Er unterst\u00fctzt Laxmi bei den m\u00fchsamen G\u00e4ngen auf die \u00c4mter, hilft bei er Organisation von Aktivit\u00e4ten, nimmt sich der Buchhaltung an und unterst\u00fctzt unsere Kinder\/ Teenager nach Kr\u00e4ften.<\/p><\/div><\/div><\/div><\/div><\/div><\/div>\n\n<div ><style>#sp-ea-5440 .spcollapsing { height: 0; overflow: hidden; transition-property: height;transition-duration: 300ms;}.sp-easy-accordion-enabled .eap_section_title_5440, body .eap_section_title_5440 { color: #444; margin-bottom:  30px; }#sp-ea-5440.sp-easy-accordion>.sp-ea-single {margin-bottom: 10px; border: 1px solid #e2e2e2; }#sp-ea-5440.sp-easy-accordion>.sp-ea-single>.ea-header a {color: #444;}#sp-ea-5440.sp-easy-accordion>.sp-ea-single>.sp-collapse>.ea-body {background: #fff; color: #444;}#sp-ea-5440.sp-easy-accordion>.sp-ea-single {background: #eee;}#sp-ea-5440.sp-easy-accordion>.sp-ea-single>.ea-header a .ea-expand-icon { float: left; color: #444;font-size: 16px;}<\/style><h2 class=\"eap_section_title eap_section_title_5440\">Vorstand Schweiz<\/h2><div id=\"sp_easy_accordion-1769547654\"><div id=\"sp-ea-5440\" class=\"sp-ea-one sp-easy-accordion\" data-ea-active=\"ea-click\" data-ea-mode=\"vertical\" data-preloader=\"\" data-scroll-active-item=\"\" data-offset-to-scroll=\"0\"><div class=\"ea-card ea-expand sp-ea-single\"><h3 class=\"ea-header\"><a class=\"collapsed\" id=\"ea-header-54400\" role=\"button\" data-sptoggle=\"spcollapse\" data-sptarget=\"#collapse54400\" aria-controls=\"collapse54400\" href=\"#\" aria-expanded=\"true\" tabindex=\"0\"><i aria-hidden=\"true\" role=\"presentation\" class=\"ea-expand-icon eap-icon-ea-expand-minus\"><\/i> Simone Moser (Jahrgang 1986) &#8211; Vereinspr\u00e4sidentin Schweiz <\/a><\/h3><div class=\"sp-collapse spcollapse collapsed show\" id=\"collapse54400\" data-parent=\"#sp-ea-5440\" role=\"region\" aria-labelledby=\"ea-header-54400\"> <div class=\"ea-body\"><p><\/p><p><img loading=\"lazy\" decoding=\"async\" class=\"alignnone size-medium wp-image-5855\" src=\"https:\/\/staging-j.ladhoka.ch.zeppelin.ch-meta.net\/wp-content\/uploads\/2022\/03\/simone-300x225.jpg\" alt=\"\" width=\"300\" height=\"225\" srcset=\"https:\/\/www.ladhoka.ch\/wp-content\/uploads\/2022\/03\/simone-300x225.jpg 300w, https:\/\/www.ladhoka.ch\/wp-content\/uploads\/2022\/03\/simone.jpg 750w\" sizes=\"auto, (max-width: 300px) 100vw, 300px\" \/><\/p><p>Nach dem Schulabschluss zog es Simone erst einmal raus in die weite Welt. W\u00e4hrend zwei Jahre lebte sie in Indien, Neuseeland und \u00a0Nepal. Bei dieser letzten Reise gr\u00fcndeten Laxmi und Simone La Dhoka. Zur\u00fcck in der Schweiz studierte Simone an der PHSH. Seither unterrichtet sie hauptberuflich auf der Primarstufen &#8211; sofern sie nicht gerade im Ausland lebt oder unterwegs ist.<\/p><p><\/p><p><\/p><p>Seit der Gr\u00fcndung des Projekts reiste Simone immer wieder nach Nepal um zusammen mit Laxmi laufende Projekte zu evaluieren, Pl\u00e4ne zu schmieden und in Tat umzusetzen und sich ein aktuelles Bild zu verschaffen.<\/p><p><\/p><p><\/p><p>Mittlerweile l\u00e4uft das Projekt so selbst\u00e4ndig, dass j\u00e4hrliche Besuche nicht mehr notwendig sind. Simone ist in stetem Kontakt und Austausch mit Laxmi, Social Media sei Dank.<\/p><p><\/p><\/div><\/div><\/div><div class=\"ea-card sp-ea-single\"><h3 class=\"ea-header\"><a class=\"collapsed\" id=\"ea-header-54401\" role=\"button\" data-sptoggle=\"spcollapse\" data-sptarget=\"#collapse54401\" aria-controls=\"collapse54401\" href=\"#\" aria-expanded=\"false\" tabindex=\"0\"><i aria-hidden=\"true\" role=\"presentation\" class=\"ea-expand-icon eap-icon-ea-expand-plus\"><\/i> Andreas M\u00e4der &#8211; Ressort Kommunikation\/ Werbung<\/a><\/h3><div class=\"sp-collapse spcollapse \" id=\"collapse54401\" data-parent=\"#sp-ea-5440\" role=\"region\" aria-labelledby=\"ea-header-54401\"> <div class=\"ea-body\"><p><\/p><p>Bald nach der Projektgr\u00fcndung in Nepal bekundete der langj\u00e4hrige Pfadikollege sein Interesse, tatkr\u00e4ftig bei diesem Projekt mitzuhelfen. Kurze Zeit sp\u00e4ter gr\u00fcndete er zusammen mit Marcel Kessler und Simone Moser den Verein La Dhoka. Seither steht er immer tatbereit zur Verf\u00fcgung, wenn es f\u00fcr La Dhoka etwas zu organisieren gibt.<\/p><p><\/p><p><\/p><p>Nat\u00fcrlich besch\u00e4ftigt sich Andreas nicht ausschliesslich mit La Dhoka: Hauptberuflich ist er im Natur- und Tierpark Goldau f\u00fcr die Besucherinformation und Bildung t\u00e4tig.<\/p><p><\/p><p><\/p><blockquote class=\"wp-block-quote\"><p>\u201eIch finde das Projekt genial und bewundere dein Engagement. Dies m\u00f6chte ich unterst\u00fctzen. Meine Motivation? Ganz einfach: Wir sollten ein wenig vom Ueberfluss an weniger Privilegierte weitergeben. Oder wie es Pfadigr\u00fcnder Baden Powell so sch\u00f6n formulierte: Die Welt etwas besser zur\u00fccklassen, als wir sie vorgefunden haben.\u201c<\/p><p><cite>Andreas M\u00e4der<\/cite><\/p><\/blockquote><p><\/p><\/div><\/div><\/div><div class=\"ea-card sp-ea-single\"><h3 class=\"ea-header\"><a class=\"collapsed\" id=\"ea-header-54402\" role=\"button\" data-sptoggle=\"spcollapse\" data-sptarget=\"#collapse54402\" aria-controls=\"collapse54402\" href=\"#\" aria-expanded=\"false\" tabindex=\"0\"><i aria-hidden=\"true\" role=\"presentation\" class=\"ea-expand-icon eap-icon-ea-expand-plus\"><\/i> Marcel Kessler &#8211; Ressort IT (Website)<\/a><\/h3><div class=\"sp-collapse spcollapse \" id=\"collapse54402\" data-parent=\"#sp-ea-5440\" role=\"region\" aria-labelledby=\"ea-header-54402\"> <div class=\"ea-body\"><p><\/p><p>Auch Marcel ist ein Gr\u00fcndungsmitglied des Vereins La Dhoka. Bei einem Nepalaufenthalt im Gr\u00fcndungsjahr (2008) konnte er die Anf\u00e4nge des Projekts vor Ort in Augenschein nehmen und war daher leicht f\u00fcr ein Engagement im Vorstand zu begeistern. Dank Marcel- Informatiker von Beruf- hatte La Dhoka schon bald einen ansehnlichen Webauftritt bekommen.<\/p><p><\/p><p><\/p><blockquote class=\"wp-block-quote\"><p>\u201eIch habe La Dhoka in Nepal besucht und gedacht: `Wow, diese zwei Powerfrauen muss man unterst\u00fctzen\u2026` nein- nicht weil sie es nicht k\u00f6nnen, aber weil sie so etwas Cooles aufbauen! Nun freue ich mich, dieses kleine, aber feine Projekt mit Herzblut zu unterst\u00fctzen.\u201c<\/p><p><cite>Marcel Kessler<\/cite><\/p><\/blockquote><p><\/p><\/div><\/div><\/div><div class=\"ea-card sp-ea-single\"><h3 class=\"ea-header\"><a class=\"collapsed\" id=\"ea-header-54403\" role=\"button\" data-sptoggle=\"spcollapse\" data-sptarget=\"#collapse54403\" aria-controls=\"collapse54403\" href=\"#\" aria-expanded=\"false\" tabindex=\"0\"><i aria-hidden=\"true\" role=\"presentation\" class=\"ea-expand-icon eap-icon-ea-expand-plus\"><\/i> Patricia Huwiler &#8211; Ressort Finanzen<\/a><\/h3><div class=\"sp-collapse spcollapse \" id=\"collapse54403\" data-parent=\"#sp-ea-5440\" role=\"region\" aria-labelledby=\"ea-header-54403\"> <div class=\"ea-body\"><p><\/p><p>Seit Sommer 2011 k\u00e4mpft sich Patricia Huwiler durch die Transactions-Daten, Budgets und Kontoausz\u00fcge von La Dhoka und ihr Verdienst ist es, dass wir stets eine fachm\u00e4nnische Abrechnung vorzeigen k\u00f6nnen. Mit einem Bachelor in Betriebs\u00f6konomie sowie als eidg. dipl. Wirtschaftspr\u00fcferin ist Patricia eine hochkar\u00e4tige Besetzung als Buchhalterin\/ Kassierin.<\/p><p><\/p><p><\/p><blockquote class=\"wp-block-quote\"><p>\u201eIch war schon immer vom Projekt begeistert und bin erfreut nun auch mitwirken zu k\u00f6nnen. Ich finde es spannend in das Projekt hinein zu sehen und mehr \u00fcber Nepals Kultur zu erfahren. Zudem ist es f\u00fcr mich eine tolle Lebenserfahrung in diesem Verein mitzuwirken.\u201c<\/p><p><cite>Patricia Huwiler <\/cite><\/p><\/blockquote><p><\/p><\/div><\/div><\/div><\/div><\/div><\/div>","protected":false},"excerpt":{"rendered":"<p>Die Hauptpersonen im Hintergrund von La Dhoka sind zwei Frauen: Laxmi Dhungel und Simone Moser. Die Nepalesin und die Schweizerin lernten sich bei einem Auslandaufenthalt von Simone im Jahr 2008 kennen. Aus der Freundschaft entstand das gemeinsame Engagement \u201cLa Dhoka\u201c. Seit 2009 ist La Dhoka in der Schweiz als gleichnamiger Verein organisiert. Wichtige Entscheidungen werden [&hellip;]<\/p>\n","protected":false},"author":1,"featured_media":5857,"parent":0,"menu_order":5,"comment_status":"closed","ping_status":"closed","template":"","meta":{"footnotes":""},"folder":[],"class_list":["post-4945","page","type-page","status-publish","has-post-thumbnail","hentry"],"_links":{"self":[{"href":"https:\/\/www.ladhoka.ch\/index.php?rest_route=\/wp\/v2\/pages\/4945","targetHints":{"allow":["GET"]}}],"collection":[{"href":"https:\/\/www.ladhoka.ch\/index.php?rest_route=\/wp\/v2\/pages"}],"about":[{"href":"https:\/\/www.ladhoka.ch\/index.php?rest_route=\/wp\/v2\/types\/page"}],"author":[{"embeddable":true,"href":"https:\/\/www.ladhoka.ch\/index.php?rest_route=\/wp\/v2\/users\/1"}],"replies":[{"embeddable":true,"href":"https:\/\/www.ladhoka.ch\/index.php?rest_route=%2Fwp%2Fv2%2Fcomments&post=4945"}],"version-history":[{"count":10,"href":"https:\/\/www.ladhoka.ch\/index.php?rest_route=\/wp\/v2\/pages\/4945\/revisions"}],"predecessor-version":[{"id":5551,"href":"https:\/\/www.ladhoka.ch\/index.php?rest_route=\/wp\/v2\/pages\/4945\/revisions\/5551"}],"wp:featuredmedia":[{"embeddable":true,"href":"https:\/\/www.ladhoka.ch\/index.php?rest_route=\/wp\/v2\/media\/5857"}],"wp:attachment":[{"href":"https:\/\/www.ladhoka.ch\/index.php?rest_route=%2Fwp%2Fv2%2Fmedia&parent=4945"}],"wp:term":[{"taxonomy":"folder","embeddable":true,"href":"https:\/\/www.ladhoka.ch\/index.php?rest_route=%2Fwp%2Fv2%2Ffolder&post=4945"}],"curies":[{"name":"wp","href":"https:\/\/api.w.org\/{rel}","templated":true}]}}