{"id":4958,"date":"2021-07-23T20:01:03","date_gmt":"2021-07-23T20:01:03","guid":{"rendered":"https:\/\/ladhoka.ch.zeppelin.ch-meta.net\/?page_id=4958"},"modified":"2026-01-27T21:57:02","modified_gmt":"2026-01-27T20:57:02","slug":"spenden","status":"publish","type":"page","link":"https:\/\/www.ladhoka.ch\/?page_id=4958","title":{"rendered":"Spenden"},"content":{"rendered":"\n<p>La Dhoka ist nur dank Spenden m\u00f6glich. Wir freuen uns \u00fcber kleine und grosse Zuwendungen. Das Gute bei La Dhoka: Jeder Franken kommt in Nepal an. Der Vorstand und seine Helfer arbeiten alle ehrenamtlich. Es gehen also keine Spendengelder f\u00fcr die Verwaltung oder f\u00fcrs Marketing verloren. Alle Spender erhalten anfangs Jahr eine Spendenbest\u00e4tigung, womit ihr eure Unterst\u00fctzung an La Dhoka in der Schweiz von den Steuern abziehen k\u00f6nnt.<\/p>\n\n\n\n<p><strong>Postkontonummer: 85-495339-1<\/strong><\/p>\n\n\n\n<p><strong>Postkonto IBAN: CH5409000000854953391<\/strong><\/p>\n\n\n\n<p><strong>Bitte bei Einzahlung vermerken: \u201eVerein La Dhoka\u201c und \u201eSimone Moser und Patricia Huwiler\u201c<\/strong><\/p>\n\n\n\n<figure class=\"wp-block-image size-large\"><img loading=\"lazy\" decoding=\"async\" width=\"1024\" height=\"469\" src=\"https:\/\/staging-j.ladhoka.ch.zeppelin.ch-meta.net\/wp-content\/uploads\/2022\/02\/qr-ez-ladhoka-1-1024x469.png\" alt=\"\" class=\"wp-image-5777\" srcset=\"https:\/\/www.ladhoka.ch\/wp-content\/uploads\/2022\/02\/qr-ez-ladhoka-1-1024x469.png 1024w, https:\/\/www.ladhoka.ch\/wp-content\/uploads\/2022\/02\/qr-ez-ladhoka-1-300x137.png 300w, https:\/\/www.ladhoka.ch\/wp-content\/uploads\/2022\/02\/qr-ez-ladhoka-1-768x352.png 768w, https:\/\/www.ladhoka.ch\/wp-content\/uploads\/2022\/02\/qr-ez-ladhoka-1-1536x703.png 1536w, https:\/\/www.ladhoka.ch\/wp-content\/uploads\/2022\/02\/qr-ez-ladhoka-1.png 1856w\" sizes=\"auto, (max-width: 1024px) 100vw, 1024px\" \/><\/figure>\n\n\n\n<hr class=\"wp-block-separator has-css-opacity\"\/>\n\n\n\n<p>Alternativ kann man uns auch twinten (dabei jedoch bitte beachten, dass wir in diesem Fall keine Spendenbest\u00e4tigung erstellen k\u00f6nnen).<\/p>\n\n\n\n<p><br><a href=\"http:\/\/ladhoka.ch\/wp-content\/uploads\/2021\/04\/twint.png\" target=\"_blank\" rel=\"noopener\"><\/a><\/p>\n\n\n\n<figure class=\"wp-block-image size-medium\"><img loading=\"lazy\" decoding=\"async\" width=\"183\" height=\"300\" src=\"https:\/\/www.ladhoka.ch\/wp-content\/uploads\/2022\/09\/Twintcode-La-Dhoka-1-183x300.png\" alt=\"\" class=\"wp-image-6060\" srcset=\"https:\/\/www.ladhoka.ch\/wp-content\/uploads\/2022\/09\/Twintcode-La-Dhoka-1-183x300.png 183w, https:\/\/www.ladhoka.ch\/wp-content\/uploads\/2022\/09\/Twintcode-La-Dhoka-1.png 315w\" sizes=\"auto, (max-width: 183px) 100vw, 183px\" \/><\/figure>\n","protected":false},"excerpt":{"rendered":"<p>La Dhoka ist nur dank Spenden m\u00f6glich. Wir freuen uns \u00fcber kleine und grosse Zuwendungen. Das Gute bei La Dhoka: Jeder Franken kommt in Nepal an. Der Vorstand und seine Helfer arbeiten alle ehrenamtlich. Es gehen also keine Spendengelder f\u00fcr die Verwaltung oder f\u00fcrs Marketing verloren. Alle Spender erhalten anfangs Jahr eine Spendenbest\u00e4tigung, womit ihr [&hellip;]<\/p>\n","protected":false},"author":1,"featured_media":6217,"parent":0,"menu_order":6,"comment_status":"closed","ping_status":"closed","template":"","meta":{"footnotes":""},"folder":[],"class_list":["post-4958","page","type-page","status-publish","has-post-thumbnail","hentry"],"_links":{"self":[{"href":"https:\/\/www.ladhoka.ch\/index.php?rest_route=\/wp\/v2\/pages\/4958","targetHints":{"allow":["GET"]}}],"collection":[{"href":"https:\/\/www.ladhoka.ch\/index.php?rest_route=\/wp\/v2\/pages"}],"about":[{"href":"https:\/\/www.ladhoka.ch\/index.php?rest_route=\/wp\/v2\/types\/page"}],"author":[{"embeddable":true,"href":"https:\/\/www.ladhoka.ch\/index.php?rest_route=\/wp\/v2\/users\/1"}],"replies":[{"embeddable":true,"href":"https:\/\/www.ladhoka.ch\/index.php?rest_route=%2Fwp%2Fv2%2Fcomments&post=4958"}],"version-history":[{"count":12,"href":"https:\/\/www.ladhoka.ch\/index.php?rest_route=\/wp\/v2\/pages\/4958\/revisions"}],"predecessor-version":[{"id":6266,"href":"https:\/\/www.ladhoka.ch\/index.php?rest_route=\/wp\/v2\/pages\/4958\/revisions\/6266"}],"wp:featuredmedia":[{"embeddable":true,"href":"https:\/\/www.ladhoka.ch\/index.php?rest_route=\/wp\/v2\/media\/6217"}],"wp:attachment":[{"href":"https:\/\/www.ladhoka.ch\/index.php?rest_route=%2Fwp%2Fv2%2Fmedia&parent=4958"}],"wp:term":[{"taxonomy":"folder","embeddable":true,"href":"https:\/\/www.ladhoka.ch\/index.php?rest_route=%2Fwp%2Fv2%2Ffolder&post=4958"}],"curies":[{"name":"wp","href":"https:\/\/api.w.org\/{rel}","templated":true}]}}