{"id":5067,"date":"2021-07-27T11:15:14","date_gmt":"2021-07-27T11:15:14","guid":{"rendered":"https:\/\/ladhoka.ch.zeppelin.ch-meta.net\/?page_id=5067"},"modified":"2022-03-10T09:35:52","modified_gmt":"2022-03-10T08:35:52","slug":"haeufige-fragen","status":"publish","type":"page","link":"https:\/\/www.ladhoka.ch\/?page_id=5067","title":{"rendered":"H\u00e4ufige Fragen"},"content":{"rendered":"<style>#sp-ea-5072 .spcollapsing { height: 0; overflow: hidden; transition-property: height;transition-duration: 500ms;}#sp-ea-5072.sp-easy-accordion>.sp-ea-single {margin-bottom: 10px; border: 1px solid #e2e2e2; }#sp-ea-5072.sp-easy-accordion>.sp-ea-single>.ea-header a {color: #444;}#sp-ea-5072.sp-easy-accordion>.sp-ea-single>.sp-collapse>.ea-body {background: #fff; color: #444;}#sp-ea-5072.sp-easy-accordion>.sp-ea-single {background: #eee;}#sp-ea-5072.sp-easy-accordion>.sp-ea-single>.ea-header a .ea-expand-icon { float: left; color: #444;font-size: 16px;}<\/style><div id=\"sp_easy_accordion-1776768205\"><div id=\"sp-ea-5072\" class=\"sp-ea-one sp-easy-accordion\" data-ea-active=\"ea-click\" data-ea-mode=\"vertical\" data-preloader=\"\" data-scroll-active-item=\"\" data-offset-to-scroll=\"0\"><div class=\"ea-card sp-ea-single\"><h3 class=\"ea-header\"><a class=\"collapsed\" id=\"ea-header-50720\" role=\"button\" data-sptoggle=\"spcollapse\" data-sptarget=\"#collapse50720\" aria-controls=\"collapse50720\" href=\"#\" aria-expanded=\"false\" tabindex=\"0\"><i aria-hidden=\"true\" role=\"presentation\" class=\"ea-expand-icon eap-icon-ea-expand-plus\"><\/i> Was bedeutet der Name \u201aLa Dhoka\u2018?<\/a><\/h3><div class=\"sp-collapse spcollapse spcollapse\" id=\"collapse50720\" data-parent=\"#sp-ea-5072\" role=\"region\" aria-labelledby=\"ea-header-50720\"> <div class=\"ea-body\"><p>\u201eDhoka\u201c heisst auf Nepali \u201eT\u00fcre\/ Tor\u201c. Im Zusammenhang mit unserem Projekt weist dieser Name auf die symbolische T\u00fcre hin, die das Projekt unseren Kindern und allen Beteiligten sein soll. Eine T\u00fcre zu neuen M\u00f6glichkeiten und Optionen. Der Artikel \u201eLa\u201c wurde zum einen aus \u00e4sthetischen Gr\u00fcnden vorgesetzt, andererseits sind es die Anfangsbuchstaben von\u00a0<strong>La<\/strong>xmi, der nepalesischen Partnerin, die das eigentliche Herz des Projektes ist.<\/p><\/div><\/div><\/div><div class=\"ea-card sp-ea-single\"><h3 class=\"ea-header\"><a class=\"collapsed\" id=\"ea-header-50721\" role=\"button\" data-sptoggle=\"spcollapse\" data-sptarget=\"#collapse50721\" aria-controls=\"collapse50721\" href=\"#\" aria-expanded=\"false\" tabindex=\"0\"><i aria-hidden=\"true\" role=\"presentation\" class=\"ea-expand-icon eap-icon-ea-expand-plus\"><\/i> Wie kam es zu La Dhoka?<\/a><\/h3><div class=\"sp-collapse spcollapse spcollapse\" id=\"collapse50721\" data-parent=\"#sp-ea-5072\" role=\"region\" aria-labelledby=\"ea-header-50721\"> <div class=\"ea-body\"><p>Im Januar 2008 reiste Simone zum ersten Mal nach Nepal. Die Wogen des B\u00fcrgerkrieges (offiziell von 1994 bis 2006) hatten sich soweit gegl\u00e4ttet, dass ein Aufenthalt m\u00f6glich war. Das Ziel war Lubhoo, ein kleines St\u00e4dtchen ausserhalb von Patan, wo Simone bei einem Nepalesen und seiner Familie unterkam.\u00a0Bald nach der Ankunft begann Simone in einer Schule mit einem Praktikum. Der Schulweg f\u00fchrte sie t\u00e4glich am Zuhause der Familie Dhungel vorbei. Der Gastbruder stellte Laxmi\u00a0 und Simone einander vor und es entwickelte sich eine tiefe Freundschaft.\u00a0Die Chemie zwischen den Beiden und die jeweilige Vorgeschichte stimmte, und schon bald entstand die Idee, im Rahmen eines kleinen Projekts zusammenzuarbeiten.<\/p><\/div><\/div><\/div><div class=\"ea-card sp-ea-single\"><h3 class=\"ea-header\"><a class=\"collapsed\" id=\"ea-header-50722\" role=\"button\" data-sptoggle=\"spcollapse\" data-sptarget=\"#collapse50722\" aria-controls=\"collapse50722\" href=\"#\" aria-expanded=\"false\" tabindex=\"0\"><i aria-hidden=\"true\" role=\"presentation\" class=\"ea-expand-icon eap-icon-ea-expand-plus\"><\/i> Wie ist das Frauenprojekt entstanden? <\/a><\/h3><div class=\"sp-collapse spcollapse spcollapse\" id=\"collapse50722\" data-parent=\"#sp-ea-5072\" role=\"region\" aria-labelledby=\"ea-header-50722\"> <div class=\"ea-body\"><p>Ende 2011 standen wir finanziell auf genug stabilen Beinen, dass wir eine Erweiterung unserer T\u00e4tigkeiten ins Auge fassen konnten. Schnell war klar, dass sich Laxmi insbesondere f\u00fcr die Frauen und durch sie f\u00fcr die Familien einsetzen wollte. Nach einigen Streifz\u00fcgen im Quartier Balku und vielen Gespr\u00e4chen mit Frauen aus verschiedenen Schichten wurde klar, das wir erstmal einen Treffpunkt f\u00fcr den intensiveren Austausch anbieten wollten. Daraus wurden unsere \"Traininggroups\". Diese trafen sich fortan regelm\u00e4ssig und wurden jeweils von unserem Team f\u00fcr verschiedene Themen wie Hygiene, Haushaltsfinanzen, Ern\u00e4hrung etc. \u00a0sensibilisiert.<\/p><p>Bald entstanden aus den Trainingsgruppen die ersten Spargruppen und parallel nahmen wir die N\u00e4h- und Literacykurse in unser Angebot auf.<\/p><\/div><\/div><\/div><div class=\"ea-card sp-ea-single\"><h3 class=\"ea-header\"><a class=\"collapsed\" id=\"ea-header-50723\" role=\"button\" data-sptoggle=\"spcollapse\" data-sptarget=\"#collapse50723\" aria-controls=\"collapse50723\" href=\"#\" aria-expanded=\"false\" tabindex=\"0\"><i aria-hidden=\"true\" role=\"presentation\" class=\"ea-expand-icon eap-icon-ea-expand-plus\"><\/i> Wie kamen die Kinder zu La Dhoka? Wie wurde ausgelesen?<\/a><\/h3><div class=\"sp-collapse spcollapse spcollapse\" id=\"collapse50723\" data-parent=\"#sp-ea-5072\" role=\"region\" aria-labelledby=\"ea-header-50723\"> <div class=\"ea-body\"><p>Die Kinder kamen anfangs \u00fcber \u201eVitamin B\u201c (Kontakte und Beziehungen) zu uns. \u00a0Tatsache ist, in Nepal ist es leider sehr einfach, Kinder in schwierigen Situationen zu finden. Kein Wunder nach einem 7-j\u00e4hrigen B\u00fcrgerkrieg und der schwierigen wirtschaftlichen und politischen Situation.<\/p><p>Mittlerweile nehmen wir nur noch Kinder bei uns auf, die uns von der offiziellen Beh\u00f6rde (CWC - Child Welfare Council) zugewiesen werden.<\/p><\/div><\/div><\/div><div class=\"ea-card sp-ea-single\"><h3 class=\"ea-header\"><a class=\"collapsed\" id=\"ea-header-50724\" role=\"button\" data-sptoggle=\"spcollapse\" data-sptarget=\"#collapse50724\" aria-controls=\"collapse50724\" href=\"#\" aria-expanded=\"false\" tabindex=\"0\"><i aria-hidden=\"true\" role=\"presentation\" class=\"ea-expand-icon eap-icon-ea-expand-plus\"><\/i> Was f\u00fcr eine Sprache sprechen die Kinder?<\/a><\/h3><div class=\"sp-collapse spcollapse spcollapse\" id=\"collapse50724\" data-parent=\"#sp-ea-5072\" role=\"region\" aria-labelledby=\"ea-header-50724\"> <div class=\"ea-body\"><p>Die Kinder sprechen alle Nepali, die Amtssprache in Nepal. In der English Medium Schule lernen sie alle auch Englisch. Englisch ist essenziell f\u00fcr Zukunftschancen in Nepal. Mittlerweile sprechen alle \u00e4lteren Kinder ein recht gutes Englisch.<\/p><\/div><\/div><\/div><div class=\"ea-card sp-ea-single\"><h3 class=\"ea-header\"><a class=\"collapsed\" id=\"ea-header-50725\" role=\"button\" data-sptoggle=\"spcollapse\" data-sptarget=\"#collapse50725\" aria-controls=\"collapse50725\" href=\"#\" aria-expanded=\"false\" tabindex=\"0\"><i aria-hidden=\"true\" role=\"presentation\" class=\"ea-expand-icon eap-icon-ea-expand-plus\"><\/i> Wie ist das Schulsystem in Nepal?<\/a><\/h3><div class=\"sp-collapse spcollapse spcollapse\" id=\"collapse50725\" data-parent=\"#sp-ea-5072\" role=\"region\" aria-labelledby=\"ea-header-50725\"> <div class=\"ea-body\"><p>Das Schulsystem ist kaum vergleichbar mit unseren Standards. Die Lehrkr\u00e4fte sind mehrheitlich schlecht ausgebildet, unterbezahlt und geniessen nicht wirklich viel Ansehen in der Gesellschaft. Wer sonst keine Arbeit findet beginnt \"halt\" mit unterrichten. Leider ist das Angebot an qualitativen, p\u00e4dagogischen Ausbildungen verschwindend klein. Zudem muss man die unz\u00e4hligen Schulen aufteilen in Government Schools und Private Schools. Alle Eltern, die es sich irgendwie leisten k\u00f6nnen, schicken ihr Kind in eine Private School. Diese Schulen sind kostenpflichtig, aber oft nur wenig besser als die Government Schools. In erster Line will der jeweilige Besitzer mit seiner Schule Geld verdienen. Somit z\u00e4hlt bedauerlicherweise Profit mehr als Qualit\u00e4t; wer leidet sind die Lehrkr\u00e4fte und im weiteren Sinne die Sch\u00fcler und somit das Bildungsniveau des Landes.<\/p><p>Zus\u00e4tzlich zu den Government und Privat Schools gibt es unz\u00e4hlige Schulen, die von verschiedenen Hilfswerken und ausl\u00e4ndischen Investoren unterhalten werden. Diese Schulen haben in der Regel einen recht guten Standard was Infrastruktur und Qualit\u00e4t betrifft, sind aber entweder fest in ein Projekt eingebunden, oder entsprechend teuer.<\/p><p>Der erste wichtige Meilenstein ist das SLC (School Leaving Certificate) nach der 10. Klasse. Diese umfassende Pr\u00fcfung muss bestanden werden, damit weiterf\u00fchrende Schulen besucht werden k\u00f6nnen.<\/p><\/div><\/div><\/div><div class=\"ea-card sp-ea-single\"><h3 class=\"ea-header\"><a class=\"collapsed\" id=\"ea-header-50726\" role=\"button\" data-sptoggle=\"spcollapse\" data-sptarget=\"#collapse50726\" aria-controls=\"collapse50726\" href=\"#\" aria-expanded=\"false\" tabindex=\"0\"><i aria-hidden=\"true\" role=\"presentation\" class=\"ea-expand-icon eap-icon-ea-expand-plus\"><\/i> Wie ist die rechtliche Situation?<\/a><\/h3><div class=\"sp-collapse spcollapse spcollapse\" id=\"collapse50726\" data-parent=\"#sp-ea-5072\" role=\"region\" aria-labelledby=\"ea-header-50726\"> <div class=\"ea-body\"><p>La Dhoka ist in Nepal amtlich registriert und hat eine \u201eSocial Welfare Number\u201c.<\/p><p>Wir sind direkt dem Child Welfare Council (CWC) \u00a0und dem Social Welfare Council unterstellt. Diese \u00c4mter haben setzen strenge Regelungen und Auflagen f\u00fcr Kinderh\u00e4user\/ Waisenh\u00e4user durch. Grunds\u00e4tzlich sind die Regelungen des CWC sehr begr\u00fcssenswert; vertreten sie doch die Rechte der Kinder und sind bestrebt, m\u00f6glichem Missbrauch auszuschliessen.<\/p><p>Jedes Jahr m\u00fcssen wir das Projekt (bzw. die Projekte, denn das Narighar und das Kinderhaus m\u00fcssen separat registriert werden) neu registrieren und die entsprechenden Beh\u00f6rden schicken ihre Mitarbeiter vorbei um sich von unserer Umsetzung zu \u00fcberzeugen.\u00a0Dieser Prozess ist sehr aufw\u00e4ndig und einigermassen kostenintensiv aber nicht zu vermeiden.<br \/>Seit wir das Kinderhaus als gemeinsames Zuhause von Laxmi &amp; Familie f\u00fchren, bekommen wir jeweils eine sehr gute Bewertung.<\/p><p>Die Registrierung des Narighars verl\u00e4uft im Vergleich relativ problemlos.<\/p><\/div><\/div><\/div><div class=\"ea-card sp-ea-single\"><h3 class=\"ea-header\"><a class=\"collapsed\" id=\"ea-header-50727\" role=\"button\" data-sptoggle=\"spcollapse\" data-sptarget=\"#collapse50727\" aria-controls=\"collapse50727\" href=\"#\" aria-expanded=\"false\" tabindex=\"0\"><i aria-hidden=\"true\" role=\"presentation\" class=\"ea-expand-icon eap-icon-ea-expand-plus\"><\/i> Wie bekannt ist La Dhoka in Nepal selbst?<\/a><\/h3><div class=\"sp-collapse spcollapse spcollapse\" id=\"collapse50727\" data-parent=\"#sp-ea-5072\" role=\"region\" aria-labelledby=\"ea-header-50727\"> <div class=\"ea-body\"><p>In Nepal gibt es unz\u00e4hlige Hilfswerke. La Dhoka ist im Vergleich eine sehr kleine Organisation. Insbesondere beim Kinderhaus verhalten wir uns sehr neutral; die Kinder sollen ja m\u00f6glichst normal aufwachsen k\u00f6nnen.<\/p><p>Etwas anders verh\u00e4lt es sich beim Narighar. Damit unsere Zielgruppe \u00fcberhaupt von uns weiss, brauchen wir gezwungenermassen eine gewisse Bekanntheit. Seit Jahren reicht uns da aber die positive Mund-zu-Mund-Propaganda vollkommen aus. Da auch immer wieder \u00f6ffentlichkeitswirksame Aktionen in und um Balkhu organisiert werden (Verkaufsst\u00e4nde, Aufr\u00e4umaktionen, Frauendemos etc.), wissen die meisten Lokalen von unserer Arbeit.<\/p><p>Wichtiger als eine grosse Bekanntheit in Nepal ist aber auf jeden Fall, dass La Dhoka eine breite Unterst\u00fctzung von der Schweiz aus bekommt.<\/p><\/div><\/div><\/div><div class=\"ea-card sp-ea-single\"><h3 class=\"ea-header\"><a class=\"collapsed\" id=\"ea-header-50728\" role=\"button\" data-sptoggle=\"spcollapse\" data-sptarget=\"#collapse50728\" aria-controls=\"collapse50728\" href=\"#\" aria-expanded=\"false\" tabindex=\"0\"><i aria-hidden=\"true\" role=\"presentation\" class=\"ea-expand-icon eap-icon-ea-expand-plus\"><\/i> Was sind die Vorteile eines Vereins La Dhoka in der Schweiz?<\/a><\/h3><div class=\"sp-collapse spcollapse spcollapse\" id=\"collapse50728\" data-parent=\"#sp-ea-5072\" role=\"region\" aria-labelledby=\"ea-header-50728\"> <div class=\"ea-body\"><p>In der Schweiz wurde im Mai 2009 der Verein La Dhoka gegr\u00fcndet. Der Verein bietet uns die M\u00f6glichkeit, den Kontakt mit den Mitgliedern und Freunden von La Dhoka gezielt zu pflegen, die Buchhaltung professionell zu f\u00fchren und nat\u00fcrlich auch die Steuerbefreiung f\u00fcr die Spenden anzubieten. In unserem Jahresbericht fassen wir jeweils die Ereignisse des Jahres zusammen und informieren die Mitglieder und die Beh\u00f6rden \u00fcber die Verwendung der uns anvertrauten Gelder.<\/p><\/div><\/div><\/div><div class=\"ea-card sp-ea-single\"><h3 class=\"ea-header\"><a class=\"collapsed\" id=\"ea-header-50729\" role=\"button\" data-sptoggle=\"spcollapse\" data-sptarget=\"#collapse50729\" aria-controls=\"collapse50729\" href=\"#\" aria-expanded=\"false\" tabindex=\"0\"><i aria-hidden=\"true\" role=\"presentation\" class=\"ea-expand-icon eap-icon-ea-expand-plus\"><\/i> Wieviel ist der Mindestbeitrag um Vereinsmitglied zu werden?<\/a><\/h3><div class=\"sp-collapse spcollapse spcollapse\" id=\"collapse50729\" data-parent=\"#sp-ea-5072\" role=\"region\" aria-labelledby=\"ea-header-50729\"> <div class=\"ea-body\"><p>Den j\u00e4hrlichen Mindestbetrag haben wir auf 60 CH Fr festgelegt. Uns ist wichtig, dass auch j\u00fcngere Leute die M\u00f6glichkeit haben, uns nach ihren M\u00f6glichkeiten zu unterst\u00fctzen. Zudem ist es m\u00f6glich, als \u201eaktiv Mitglied\u201c monatlich einen selbstgew\u00e4hlten Betrag an La Dhoka beizusteuern.<\/p><p>Bei Interesse: Melden unter \u201e<a href=\"https:\/\/staging-j.ladhoka.ch.zeppelin.ch-meta.net\/?page_id=4995\" target=\"_blank\" rel=\"noopener\">Kontakt<\/a>\u201c<\/p><\/div><\/div><\/div><div class=\"ea-card sp-ea-single\"><h3 class=\"ea-header\"><a class=\"collapsed\" id=\"ea-header-507210\" role=\"button\" data-sptoggle=\"spcollapse\" data-sptarget=\"#collapse507210\" aria-controls=\"collapse507210\" href=\"#\" aria-expanded=\"false\" tabindex=\"0\"><i aria-hidden=\"true\" role=\"presentation\" class=\"ea-expand-icon eap-icon-ea-expand-plus\"><\/i> Warum ist es eine gute Idee La Dhoka zu unterst\u00fctzen?<\/a><\/h3><div class=\"sp-collapse spcollapse spcollapse\" id=\"collapse507210\" data-parent=\"#sp-ea-5072\" role=\"region\" aria-labelledby=\"ea-header-507210\"> <div class=\"ea-body\"><p>La Dhoka ist ein kleines, unb\u00fcrokratisches Projekt, welches sich zu Ziel gemacht hat, einigen Menschen etwas Erleichterung und neue Chancen zu erm\u00f6glichen. Falls du schon immer ein Projekt in einem Entwicklungsland unterst\u00fctzen wolltest, bietet sich La Dhoka aus verschiedenen Gr\u00fcnden an:<\/p><ul><li>Dein Geld kommt vollumf\u00e4nglich dem Projekt in Nepal zugute, da sich der Vorstand und alle schweizer Helfer ehrenamtlich engagieren. Die einzigen Nebenkosten, die entstehen, sind jeweils die \u00dcberweisungsgeb\u00fchr, Druck und Versand des Jahresberichts (einmal j\u00e4hrlich) und manchmal Mietgeb\u00fchren f\u00fcr R\u00e4umlichkeiten.<\/li><li>Du unterst\u00fctzt mit deinem Geld ausschliesslich Einheimische. Sei es das Quartierl\u00e4deli, welches uns mit 30kg Reiss\u00e4cken versorgt, die Nachbarsfrau, die die W\u00e4sche macht, die ehemalige Lernende, die bei den N\u00e4hkursen assistiert...<\/li><li>Bei Interesse steht dir Simone jederzeit f\u00fcr Ausk\u00fcnfte zur Verf\u00fcgung (siehe <a href=\"https:\/\/staging-j.ladhoka.ch.zeppelin.ch-meta.net\/?page_id=4995\" target=\"_blank\" rel=\"noopener\">Kontakt<\/a>)<\/li><\/ul><\/div><\/div><\/div><\/div><\/div>\n","protected":false},"excerpt":{"rendered":"","protected":false},"author":1,"featured_media":0,"parent":0,"menu_order":7,"comment_status":"closed","ping_status":"closed","template":"","meta":{"footnotes":""},"folder":[],"class_list":["post-5067","page","type-page","status-publish","hentry"],"_links":{"self":[{"href":"https:\/\/www.ladhoka.ch\/index.php?rest_route=\/wp\/v2\/pages\/5067","targetHints":{"allow":["GET"]}}],"collection":[{"href":"https:\/\/www.ladhoka.ch\/index.php?rest_route=\/wp\/v2\/pages"}],"about":[{"href":"https:\/\/www.ladhoka.ch\/index.php?rest_route=\/wp\/v2\/types\/page"}],"author":[{"embeddable":true,"href":"https:\/\/www.ladhoka.ch\/index.php?rest_route=\/wp\/v2\/users\/1"}],"replies":[{"embeddable":true,"href":"https:\/\/www.ladhoka.ch\/index.php?rest_route=%2Fwp%2Fv2%2Fcomments&post=5067"}],"version-history":[{"count":2,"href":"https:\/\/www.ladhoka.ch\/index.php?rest_route=\/wp\/v2\/pages\/5067\/revisions"}],"predecessor-version":[{"id":5074,"href":"https:\/\/www.ladhoka.ch\/index.php?rest_route=\/wp\/v2\/pages\/5067\/revisions\/5074"}],"wp:attachment":[{"href":"https:\/\/www.ladhoka.ch\/index.php?rest_route=%2Fwp%2Fv2%2Fmedia&parent=5067"}],"wp:term":[{"taxonomy":"folder","embeddable":true,"href":"https:\/\/www.ladhoka.ch\/index.php?rest_route=%2Fwp%2Fv2%2Ffolder&post=5067"}],"curies":[{"name":"wp","href":"https:\/\/api.w.org\/{rel}","templated":true}]}}